{"id":4081,"date":"2026-02-06T14:54:56","date_gmt":"2026-02-06T12:54:56","guid":{"rendered":"https:\/\/yrp.ee\/?post_type=product&#038;p=4081"},"modified":"2026-04-28T17:35:46","modified_gmt":"2026-04-28T15:35:46","slug":"urp-zebra-komplekt","status":"publish","type":"product","link":"https:\/\/yrp.ee\/en\/product\/urp-zebra-komplekt\/","title":{"rendered":"\u00dcRP Zebra komplekt"},"content":{"rendered":"<h2><b>\ud83c\udf3f <\/b><b>Comfort that cares for the world.<\/b><\/h2>\n<p class=\"p3\">K\u00f5ige m\u00f5nusam hetk sinu p\u00e4evas algab siis, kui t\u00f5mbad selga \u00dcRP komplekti.<\/p>\n<p class=\"p3\">Pehme, hingav ja kerge nagu soe tuule\u00f5hk \u2013 100% puuvillasest musliinist komplekt, mis on loodud olema korraga nii ilus kui ehtne, praktiline ja teadlik.<\/p>\n<p class=\"p3\">\u00dcRP is not a fast fashion product. It\u2019s a joy that lasts.<\/p>\n<p>&nbsp;<\/p>\n<h3><b>\ud83d\udd4a Suurus<\/b><\/h3>\n<p class=\"p3\">Hetkel \u00fches suuruses \u2013 universaalne M. V\u00f5iks olla paras ka suuremale S kandjale, aga ka v\u00e4iksemale L kandjale.<\/p>\n<p><strong>Pluusi m\u00f5\u00f5dud (+-2cm):<\/strong><\/p>\n<p>Pikkus: 54cm<\/p>\n<p>K\u00e4is+\u00f5lg: 53cm<\/p>\n<p>Rinna\u00fcmberm\u00f5\u00f5t: 128cm<\/p>\n<p><strong>P\u00fckste m\u00f5\u00f5dud (+-2cm):<\/strong><\/p>\n<p>Pikkus: 106cm<\/p>\n<p>Sises\u00e4\u00e4re pikkus: 79cm<\/p>\n<p>V\u00e4rvel: 75-99cm (venitamata ja venitatult max)<\/p>\n<p>&nbsp;<\/p>\n<h3><b>\ud83c\udf31 Material and care<\/b><\/h3>\n<p class=\"p3\">Koostis: 100% puuvill (STANDARD 100 by OEKO-TEX\u00ae sertifikaat), tihedus 150g\/m\u00b2<\/p>\n<p class=\"p3\">Care instructions:<\/p>\n<p class=\"p3\">\u2013 Machine wash up to 30\u00b0C or hand wash<\/p>\n<p class=\"p3\">\u2013 Iron at temperatures up to 100\u00b0C<\/p>\n<p class=\"p3\">\u2013 Bleaching and tumble drying are not allowed<\/p>\n<p class=\"p3 translation-block\">View detailed care instructions <a href=\"http:\/\/yrp.ee\/en\/#kuidas\" target=\"_self\">HERE<\/a>..<\/p>\n<h3><\/h3>\n<h3><b>\ud83d\udc9a A small sign of care<\/b><\/h3>\n<p class=\"p3\">K\u00f5ik \u00dcRP musliinist tooted on pestud ja triigitud, et nad oleksid valmis kohe kandmiseks.<\/p>","protected":false},"excerpt":{"rendered":"<p>\ud83c\udf3f \u00dcRP \u2013 Mugavus, mis hoolib maailmast K\u00f5ige m\u00f5nusam hetk sinu p\u00e4evas algab siis, kui t\u00f5mbad selga \u00dcRP komplekti. Pehme, hingav ja kerge nagu soe tuule\u00f5hk \u2013 100% puuvillasest musliinist komplekt, mis on loodud olema korraga nii ilus kui ehtne, praktiline ja teadlik. \u00dcRP ei ole kiirmoe toode. See on r\u00f5\u00f5m, mis kestab. &nbsp; \ud83d\udd4a [&hellip;]<\/p>\n","protected":false},"featured_media":4085,"comment_status":"open","ping_status":"closed","template":"","meta":{"site-sidebar-layout":"default","site-content-layout":"","ast-site-content-layout":"default","site-content-style":"default","site-sidebar-style":"default","ast-global-header-display":"","ast-banner-title-visibility":"","ast-main-header-display":"","ast-hfb-above-header-display":"","ast-hfb-below-header-display":"","ast-hfb-mobile-header-display":"","site-post-title":"","ast-breadcrumbs-content":"","ast-featured-img":"","footer-sml-layout":"","ast-disable-related-posts":"","theme-transparent-header-meta":"default","adv-header-id-meta":"","stick-header-meta":"","header-above-stick-meta":"","header-main-stick-meta":"","header-below-stick-meta":"","astra-migrate-meta-layouts":"set","ast-page-background-enabled":"default","ast-page-background-meta":{"desktop":{"background-color":"","background-image":"","background-repeat":"repeat","background-position":"center center","background-size":"auto","background-attachment":"scroll","background-type":"","background-media":"","overlay-type":"","overlay-color":"","overlay-opacity":"","overlay-gradient":""},"tablet":{"background-color":"","background-image":"","background-repeat":"repeat","background-position":"center center","background-size":"auto","background-attachment":"scroll","background-type":"","background-media":"","overlay-type":"","overlay-color":"","overlay-opacity":"","overlay-gradient":""},"mobile":{"background-color":"","background-image":"","background-repeat":"repeat","background-position":"center center","background-size":"auto","background-attachment":"scroll","background-type":"","background-media":"","overlay-type":"","overlay-color":"","overlay-opacity":"","overlay-gradient":""}},"ast-content-background-meta":{"desktop":{"background-color":"var(--ast-global-color-5)","background-image":"","background-repeat":"repeat","background-position":"center center","background-size":"auto","background-attachment":"scroll","background-type":"","background-media":"","overlay-type":"","overlay-color":"","overlay-opacity":"","overlay-gradient":""},"tablet":{"background-color":"var(--ast-global-color-5)","background-image":"","background-repeat":"repeat","background-position":"center center","background-size":"auto","background-attachment":"scroll","background-type":"","background-media":"","overlay-type":"","overlay-color":"","overlay-opacity":"","overlay-gradient":""},"mobile":{"background-color":"var(--ast-global-color-5)","background-image":"","background-repeat":"repeat","background-position":"center center","background-size":"auto","background-attachment":"scroll","background-type":"","background-media":"","overlay-type":"","overlay-color":"","overlay-opacity":"","overlay-gradient":""}}},"product_brand":[],"product_cat":[98],"product_tag":[],"class_list":{"0":"post-4081","1":"product","2":"type-product","3":"status-publish","4":"has-post-thumbnail","6":"product_cat-yrp-komplekt","7":"desktop-align-left","8":"tablet-align-left","9":"mobile-align-left","11":"first","12":"instock","13":"sale","14":"taxable","15":"shipping-taxable","16":"purchasable","17":"product-type-variable","18":"has-default-attributes"},"yoast_head":"<!-- This site is optimized with the Yoast SEO plugin v27.5 - https:\/\/yoast.com\/product\/yoast-seo-wordpress\/ -->\n<title>\u00dcRP Zebra komplekt &#8226; \u00dcRP<\/title>\n<meta name=\"description\" content=\"Mugavus, mis hoolib maailmast | Zero Waste puuvillased mantlid Eestis\" \/>\n<meta name=\"robots\" content=\"index, follow, max-snippet:-1, max-image-preview:large, max-video-preview:-1\" \/>\n<link rel=\"canonical\" href=\"https:\/\/yrp.ee\/en\/product\/urp-zebra-komplekt\/\" \/>\n<meta property=\"og:locale\" content=\"en_GB\" \/>\n<meta property=\"og:type\" content=\"article\" \/>\n<meta property=\"og:title\" content=\"\u00dcRP Zebra komplekt &#8226; \u00dcRP\" \/>\n<meta property=\"og:description\" content=\"Mugavus, mis hoolib maailmast | Zero Waste puuvillased mantlid Eestis\" \/>\n<meta property=\"og:url\" content=\"https:\/\/yrp.ee\/en\/product\/urp-zebra-komplekt\/\" \/>\n<meta property=\"og:site_name\" content=\"\u00dcRP\" \/>\n<meta property=\"article:publisher\" content=\"https:\/\/www.facebook.com\/yrp.mantel\" \/>\n<meta property=\"article:modified_time\" content=\"2026-04-28T15:35:46+00:00\" \/>\n<meta property=\"og:image\" content=\"https:\/\/yrp.ee\/wp-content\/uploads\/2026\/02\/URP-Zebra-komplekt.png\" \/>\n\t<meta property=\"og:image:width\" content=\"2190\" \/>\n\t<meta property=\"og:image:height\" content=\"2190\" \/>\n\t<meta property=\"og:image:type\" content=\"image\/png\" \/>\n<meta name=\"twitter:card\" content=\"summary_large_image\" \/>\n<meta name=\"twitter:label1\" content=\"Estimated reading time\" \/>\n\t<meta name=\"twitter:data1\" content=\"1 minute\" \/>\n<script type=\"application\/ld+json\" class=\"yoast-schema-graph\">{\"@context\":\"https:\\\/\\\/schema.org\",\"@graph\":[{\"@type\":\"WebPage\",\"@id\":\"https:\\\/\\\/yrp.ee\\\/toode\\\/urp-zebra-komplekt\\\/\",\"url\":\"https:\\\/\\\/yrp.ee\\\/toode\\\/urp-zebra-komplekt\\\/\",\"name\":\"\u00dcRP Zebra komplekt &#8226; \u00dcRP\",\"isPartOf\":{\"@id\":\"https:\\\/\\\/yrp.ee\\\/#website\"},\"primaryImageOfPage\":{\"@id\":\"https:\\\/\\\/yrp.ee\\\/toode\\\/urp-zebra-komplekt\\\/#primaryimage\"},\"image\":{\"@id\":\"https:\\\/\\\/yrp.ee\\\/toode\\\/urp-zebra-komplekt\\\/#primaryimage\"},\"thumbnailUrl\":\"https:\\\/\\\/i0.wp.com\\\/yrp.ee\\\/wp-content\\\/uploads\\\/2026\\\/02\\\/URP-Zebra-komplekt.png?fit=2190%2C2190&ssl=1\",\"datePublished\":\"2026-02-06T12:54:56+00:00\",\"dateModified\":\"2026-04-28T15:35:46+00:00\",\"description\":\"Mugavus, mis hoolib maailmast | Zero Waste puuvillased mantlid Eestis\",\"breadcrumb\":{\"@id\":\"https:\\\/\\\/yrp.ee\\\/toode\\\/urp-zebra-komplekt\\\/#breadcrumb\"},\"inLanguage\":\"en-GB\",\"potentialAction\":[{\"@type\":\"ReadAction\",\"target\":[\"https:\\\/\\\/yrp.ee\\\/toode\\\/urp-zebra-komplekt\\\/\"]}]},{\"@type\":\"ImageObject\",\"inLanguage\":\"en-GB\",\"@id\":\"https:\\\/\\\/yrp.ee\\\/toode\\\/urp-zebra-komplekt\\\/#primaryimage\",\"url\":\"https:\\\/\\\/i0.wp.com\\\/yrp.ee\\\/wp-content\\\/uploads\\\/2026\\\/02\\\/URP-Zebra-komplekt.png?fit=2190%2C2190&ssl=1\",\"contentUrl\":\"https:\\\/\\\/i0.wp.com\\\/yrp.ee\\\/wp-content\\\/uploads\\\/2026\\\/02\\\/URP-Zebra-komplekt.png?fit=2190%2C2190&ssl=1\",\"width\":2190,\"height\":2190},{\"@type\":\"BreadcrumbList\",\"@id\":\"https:\\\/\\\/yrp.ee\\\/toode\\\/urp-zebra-komplekt\\\/#breadcrumb\",\"itemListElement\":[{\"@type\":\"ListItem\",\"position\":1,\"name\":\"Home\",\"item\":\"https:\\\/\\\/yrp.ee\\\/\"},{\"@type\":\"ListItem\",\"position\":2,\"name\":\"Tooted\",\"item\":\"https:\\\/\\\/yrp.ee\\\/shop\\\/\"},{\"@type\":\"ListItem\",\"position\":3,\"name\":\"\u00dcRP Zebra komplekt\"}]},{\"@type\":\"WebSite\",\"@id\":\"https:\\\/\\\/yrp.ee\\\/#website\",\"url\":\"https:\\\/\\\/yrp.ee\\\/\",\"name\":\"\u00dcRP\",\"description\":\"Mugavus, mis hoolib maailmast | Zero Waste puuvillased mantlid Eestis\",\"publisher\":{\"@id\":\"https:\\\/\\\/yrp.ee\\\/#organization\"},\"potentialAction\":[{\"@type\":\"SearchAction\",\"target\":{\"@type\":\"EntryPoint\",\"urlTemplate\":\"https:\\\/\\\/yrp.ee\\\/?s={search_term_string}\"},\"query-input\":{\"@type\":\"PropertyValueSpecification\",\"valueRequired\":true,\"valueName\":\"search_term_string\"}}],\"inLanguage\":\"en-GB\"},{\"@type\":\"Organization\",\"@id\":\"https:\\\/\\\/yrp.ee\\\/#organization\",\"name\":\"\u00dcRP\",\"url\":\"https:\\\/\\\/yrp.ee\\\/\",\"logo\":{\"@type\":\"ImageObject\",\"inLanguage\":\"en-GB\",\"@id\":\"https:\\\/\\\/yrp.ee\\\/#\\\/schema\\\/logo\\\/image\\\/\",\"url\":\"https:\\\/\\\/yrp.ee\\\/wp-content\\\/uploads\\\/2021\\\/04\\\/Urp-must.svg\",\"contentUrl\":\"https:\\\/\\\/yrp.ee\\\/wp-content\\\/uploads\\\/2021\\\/04\\\/Urp-must.svg\",\"width\":1000,\"height\":521,\"caption\":\"\u00dcRP\"},\"image\":{\"@id\":\"https:\\\/\\\/yrp.ee\\\/#\\\/schema\\\/logo\\\/image\\\/\"},\"sameAs\":[\"https:\\\/\\\/www.facebook.com\\\/yrp.mantel\",\"https:\\\/\\\/www.instagram.com\\\/yrp.mantel\"]}]}<\/script>\n<!-- \/ Yoast SEO plugin. -->","yoast_head_json":{"title":"\u00dcRP Zebra komplekt &#8226; \u00dcRP","description":"Mugavus, mis hoolib maailmast | Zero Waste puuvillased mantlid Eestis","robots":{"index":"index","follow":"follow","max-snippet":"max-snippet:-1","max-image-preview":"max-image-preview:large","max-video-preview":"max-video-preview:-1"},"canonical":"https:\/\/yrp.ee\/en\/product\/urp-zebra-komplekt\/","og_locale":"en_GB","og_type":"article","og_title":"\u00dcRP Zebra komplekt &#8226; \u00dcRP","og_description":"Mugavus, mis hoolib maailmast | Zero Waste puuvillased mantlid Eestis","og_url":"https:\/\/yrp.ee\/en\/product\/urp-zebra-komplekt\/","og_site_name":"\u00dcRP","article_publisher":"https:\/\/www.facebook.com\/yrp.mantel","article_modified_time":"2026-04-28T15:35:46+00:00","og_image":[{"width":2190,"height":2190,"url":"https:\/\/yrp.ee\/wp-content\/uploads\/2026\/02\/URP-Zebra-komplekt.png","type":"image\/png"}],"twitter_card":"summary_large_image","twitter_misc":{"Estimated reading time":"1 minute"},"schema":{"@context":"https:\/\/schema.org","@graph":[{"@type":"WebPage","@id":"https:\/\/yrp.ee\/toode\/urp-zebra-komplekt\/","url":"https:\/\/yrp.ee\/toode\/urp-zebra-komplekt\/","name":"\u00dcRP Zebra komplekt &#8226; \u00dcRP","isPartOf":{"@id":"https:\/\/yrp.ee\/#website"},"primaryImageOfPage":{"@id":"https:\/\/yrp.ee\/toode\/urp-zebra-komplekt\/#primaryimage"},"image":{"@id":"https:\/\/yrp.ee\/toode\/urp-zebra-komplekt\/#primaryimage"},"thumbnailUrl":"https:\/\/i0.wp.com\/yrp.ee\/wp-content\/uploads\/2026\/02\/URP-Zebra-komplekt.png?fit=2190%2C2190&ssl=1","datePublished":"2026-02-06T12:54:56+00:00","dateModified":"2026-04-28T15:35:46+00:00","description":"Mugavus, mis hoolib maailmast | Zero Waste puuvillased mantlid Eestis","breadcrumb":{"@id":"https:\/\/yrp.ee\/toode\/urp-zebra-komplekt\/#breadcrumb"},"inLanguage":"en-GB","potentialAction":[{"@type":"ReadAction","target":["https:\/\/yrp.ee\/toode\/urp-zebra-komplekt\/"]}]},{"@type":"ImageObject","inLanguage":"en-GB","@id":"https:\/\/yrp.ee\/toode\/urp-zebra-komplekt\/#primaryimage","url":"https:\/\/i0.wp.com\/yrp.ee\/wp-content\/uploads\/2026\/02\/URP-Zebra-komplekt.png?fit=2190%2C2190&ssl=1","contentUrl":"https:\/\/i0.wp.com\/yrp.ee\/wp-content\/uploads\/2026\/02\/URP-Zebra-komplekt.png?fit=2190%2C2190&ssl=1","width":2190,"height":2190},{"@type":"BreadcrumbList","@id":"https:\/\/yrp.ee\/toode\/urp-zebra-komplekt\/#breadcrumb","itemListElement":[{"@type":"ListItem","position":1,"name":"Home","item":"https:\/\/yrp.ee\/"},{"@type":"ListItem","position":2,"name":"Tooted","item":"https:\/\/yrp.ee\/shop\/"},{"@type":"ListItem","position":3,"name":"\u00dcRP Zebra komplekt"}]},{"@type":"WebSite","@id":"https:\/\/yrp.ee\/#website","url":"https:\/\/yrp.ee\/","name":"\u00dcRP","description":"Mugavus, mis hoolib maailmast | Zero Waste puuvillased mantlid Eestis","publisher":{"@id":"https:\/\/yrp.ee\/#organization"},"potentialAction":[{"@type":"SearchAction","target":{"@type":"EntryPoint","urlTemplate":"https:\/\/yrp.ee\/?s={search_term_string}"},"query-input":{"@type":"PropertyValueSpecification","valueRequired":true,"valueName":"search_term_string"}}],"inLanguage":"en-GB"},{"@type":"Organization","@id":"https:\/\/yrp.ee\/#organization","name":"\u00dcRP","url":"https:\/\/yrp.ee\/","logo":{"@type":"ImageObject","inLanguage":"en-GB","@id":"https:\/\/yrp.ee\/#\/schema\/logo\/image\/","url":"https:\/\/yrp.ee\/wp-content\/uploads\/2021\/04\/Urp-must.svg","contentUrl":"https:\/\/yrp.ee\/wp-content\/uploads\/2021\/04\/Urp-must.svg","width":1000,"height":521,"caption":"\u00dcRP"},"image":{"@id":"https:\/\/yrp.ee\/#\/schema\/logo\/image\/"},"sameAs":["https:\/\/www.facebook.com\/yrp.mantel","https:\/\/www.instagram.com\/yrp.mantel"]}]}},"jetpack_sharing_enabled":true,"_links":{"self":[{"href":"https:\/\/yrp.ee\/en\/wp-json\/wp\/v2\/product\/4081","targetHints":{"allow":["GET"]}}],"collection":[{"href":"https:\/\/yrp.ee\/en\/wp-json\/wp\/v2\/product"}],"about":[{"href":"https:\/\/yrp.ee\/en\/wp-json\/wp\/v2\/types\/product"}],"replies":[{"embeddable":true,"href":"https:\/\/yrp.ee\/en\/wp-json\/wp\/v2\/comments?post=4081"}],"version-history":[{"count":3,"href":"https:\/\/yrp.ee\/en\/wp-json\/wp\/v2\/product\/4081\/revisions"}],"predecessor-version":[{"id":4100,"href":"https:\/\/yrp.ee\/en\/wp-json\/wp\/v2\/product\/4081\/revisions\/4100"}],"wp:featuredmedia":[{"embeddable":true,"href":"https:\/\/yrp.ee\/en\/wp-json\/wp\/v2\/media\/4085"}],"wp:attachment":[{"href":"https:\/\/yrp.ee\/en\/wp-json\/wp\/v2\/media?parent=4081"}],"wp:term":[{"taxonomy":"product_brand","embeddable":true,"href":"https:\/\/yrp.ee\/en\/wp-json\/wp\/v2\/product_brand?post=4081"},{"taxonomy":"product_cat","embeddable":true,"href":"https:\/\/yrp.ee\/en\/wp-json\/wp\/v2\/product_cat?post=4081"},{"taxonomy":"product_tag","embeddable":true,"href":"https:\/\/yrp.ee\/en\/wp-json\/wp\/v2\/product_tag?post=4081"}],"curies":[{"name":"wp","href":"https:\/\/api.w.org\/{rel}","templated":true}]}}