{"id":3316,"date":"2024-11-30T19:32:25","date_gmt":"2024-11-30T17:32:25","guid":{"rendered":"https:\/\/www.xn--rp-wka.ee\/?post_type=product&#038;p=3316"},"modified":"2026-04-28T17:40:09","modified_gmt":"2026-04-28T15:40:09","slug":"kohev-urp-vanaroheline","status":"publish","type":"product","link":"https:\/\/yrp.ee\/en\/product\/kohev-urp-vanaroheline\/","title":{"rendered":"Fluffy \u00dcRP Vintage Green"},"content":{"rendered":"<h4>100% cotton muslin \u00dcRP with pockets<\/h4>\n<p>&nbsp;<\/p>\n<p class=\"translation-block\"><strong>Updated sizes!<\/strong> S\/M and L\/XL are now slightly larger than previous models \u2014 all to make them extra comfortable.<\/p>\n<p>A cozy \u00dcRP made from triple-layer muslin fabric, with pockets.<\/p>\n<p>Well-breathable material, comfortable and soft against the skin. Suitable as a bathrobe as well as a coat. Wear at home, on the beach or on the street!<\/p>\n<p class=\"translation-block\">100% cotton, STANDARD 100 by OEKO-TEX\u00ae, weight 180 g\/m2.<\/p>\n<p>The mannequin is size M and is wearing size S\/M.<\/p>\n<p class=\"translation-block\">Care instructions: Machine wash up to 30\u00b0C, hand wash, iron up to 100\u00b0C. Do not bleach, do not tumble dry.<\/p>\n<p>&nbsp;<\/p>\n<p>&nbsp;<\/p>","protected":false},"excerpt":{"rendered":"<p>100% puuvillane musliinist taskutega mantel \u00dcRP &nbsp; Uuenenud suurused! Ehk S\/M ja L\/XL on n\u00fc\u00fcd varasematest mudelitest natukene suuremad! Ikka selleks, et oleks eriti m\u00f5nus. M\u00f5nusast kolmekordsest musliinkangast taskutega \u00dcRP. Naha vastu m\u00f5nus ja pehme, h\u00e4sti hingav materjal. Sobib nii hommikumantliks, kui niisama mantliks. Kanna kodus, rannas v\u00f5i t\u00e4naval! Koostis: 100% puuvill, STANDARD 100 by [&hellip;]<\/p>\n","protected":false},"featured_media":3320,"comment_status":"open","ping_status":"closed","template":"","meta":{"site-sidebar-layout":"default","site-content-layout":"default","ast-site-content-layout":"default","site-content-style":"default","site-sidebar-style":"default","ast-global-header-display":"","ast-banner-title-visibility":"","ast-main-header-display":"","ast-hfb-above-header-display":"","ast-hfb-below-header-display":"","ast-hfb-mobile-header-display":"","site-post-title":"","ast-breadcrumbs-content":"","ast-featured-img":"","footer-sml-layout":"","ast-disable-related-posts":"","theme-transparent-header-meta":"default","adv-header-id-meta":"","stick-header-meta":"","header-above-stick-meta":"","header-main-stick-meta":"","header-below-stick-meta":"","astra-migrate-meta-layouts":"set","ast-page-background-enabled":"default","ast-page-background-meta":{"desktop":{"background-color":"","background-image":"","background-repeat":"repeat","background-position":"center center","background-size":"auto","background-attachment":"scroll","background-type":"","background-media":"","overlay-type":"","overlay-color":"","overlay-opacity":"","overlay-gradient":""},"tablet":{"background-color":"","background-image":"","background-repeat":"repeat","background-position":"center center","background-size":"auto","background-attachment":"scroll","background-type":"","background-media":"","overlay-type":"","overlay-color":"","overlay-opacity":"","overlay-gradient":""},"mobile":{"background-color":"","background-image":"","background-repeat":"repeat","background-position":"center center","background-size":"auto","background-attachment":"scroll","background-type":"","background-media":"","overlay-type":"","overlay-color":"","overlay-opacity":"","overlay-gradient":""}},"ast-content-background-meta":{"desktop":{"background-color":"var(--ast-global-color-5)","background-image":"","background-repeat":"repeat","background-position":"center center","background-size":"auto","background-attachment":"scroll","background-type":"","background-media":"","overlay-type":"","overlay-color":"","overlay-opacity":"","overlay-gradient":""},"tablet":{"background-color":"var(--ast-global-color-5)","background-image":"","background-repeat":"repeat","background-position":"center center","background-size":"auto","background-attachment":"scroll","background-type":"","background-media":"","overlay-type":"","overlay-color":"","overlay-opacity":"","overlay-gradient":""},"mobile":{"background-color":"var(--ast-global-color-5)","background-image":"","background-repeat":"repeat","background-position":"center center","background-size":"auto","background-attachment":"scroll","background-type":"","background-media":"","overlay-type":"","overlay-color":"","overlay-opacity":"","overlay-gradient":""}}},"product_brand":[],"product_cat":[97],"product_tag":[],"class_list":{"0":"post-3316","1":"product","2":"type-product","3":"status-publish","4":"has-post-thumbnail","6":"product_cat-yrp-mantel","7":"desktop-align-left","8":"tablet-align-left","9":"mobile-align-left","11":"first","12":"instock","13":"taxable","14":"shipping-taxable","15":"purchasable","16":"product-type-variable"},"yoast_head":"<!-- This site is optimized with the Yoast SEO plugin v27.5 - https:\/\/yoast.com\/product\/yoast-seo-wordpress\/ -->\n<title>Kohev \u00dcRP Vanaroheline &#8226; Mugavus, mis hoolib maailmast | Zero Waste puuvillased mantlid Eestis<\/title>\n<meta name=\"description\" content=\"Taskutega vanaroheline \u00dcRP on pehme, kerge ja k\u00f5ige praktilisem ja m\u00f5nusam r\u00f5ivaese, mida Sa eales kandnud oled! Mugavus v\u00f5ib olla ka ilus!\" \/>\n<meta name=\"robots\" content=\"index, follow, max-snippet:-1, max-image-preview:large, max-video-preview:-1\" \/>\n<link rel=\"canonical\" href=\"https:\/\/yrp.ee\/en\/product\/kohev-urp-vanaroheline\/\" \/>\n<meta property=\"og:locale\" content=\"en_GB\" \/>\n<meta property=\"og:type\" content=\"article\" \/>\n<meta property=\"og:title\" content=\"Kohev \u00dcRP Vanaroheline &#8226; Mugavus, mis hoolib maailmast | Zero Waste puuvillased mantlid Eestis\" \/>\n<meta property=\"og:description\" content=\"Taskutega vanaroheline \u00dcRP on pehme, kerge ja k\u00f5ige praktilisem ja m\u00f5nusam r\u00f5ivaese, mida Sa eales kandnud oled! Mugavus v\u00f5ib olla ka ilus!\" \/>\n<meta property=\"og:url\" content=\"https:\/\/yrp.ee\/en\/product\/kohev-urp-vanaroheline\/\" \/>\n<meta property=\"og:site_name\" content=\"\u00dcRP\" \/>\n<meta property=\"article:publisher\" content=\"https:\/\/www.facebook.com\/yrp.mantel\" \/>\n<meta property=\"article:modified_time\" content=\"2026-04-28T15:40:09+00:00\" \/>\n<meta property=\"og:image\" content=\"https:\/\/yrp.ee\/wp-content\/uploads\/2024\/11\/Vanaroheline-kohev-URP-lipsuga.jpg\" \/>\n\t<meta property=\"og:image:width\" content=\"1000\" \/>\n\t<meta property=\"og:image:height\" content=\"1000\" \/>\n\t<meta property=\"og:image:type\" content=\"image\/jpeg\" \/>\n<meta name=\"twitter:card\" content=\"summary_large_image\" \/>\n<meta name=\"twitter:label1\" content=\"Estimated reading time\" \/>\n\t<meta name=\"twitter:data1\" content=\"1 minute\" \/>\n<script type=\"application\/ld+json\" class=\"yoast-schema-graph\">{\"@context\":\"https:\\\/\\\/schema.org\",\"@graph\":[{\"@type\":\"WebPage\",\"@id\":\"https:\\\/\\\/yrp.ee\\\/toode\\\/kohev-urp-vanaroheline\\\/\",\"url\":\"https:\\\/\\\/yrp.ee\\\/toode\\\/kohev-urp-vanaroheline\\\/\",\"name\":\"Kohev \u00dcRP Vanaroheline &#8226; Mugavus, mis hoolib maailmast | Zero Waste puuvillased mantlid Eestis\",\"isPartOf\":{\"@id\":\"https:\\\/\\\/yrp.ee\\\/#website\"},\"primaryImageOfPage\":{\"@id\":\"https:\\\/\\\/yrp.ee\\\/toode\\\/kohev-urp-vanaroheline\\\/#primaryimage\"},\"image\":{\"@id\":\"https:\\\/\\\/yrp.ee\\\/toode\\\/kohev-urp-vanaroheline\\\/#primaryimage\"},\"thumbnailUrl\":\"https:\\\/\\\/i0.wp.com\\\/yrp.ee\\\/wp-content\\\/uploads\\\/2024\\\/11\\\/Vanaroheline-kohev-URP-lipsuga.jpg?fit=1000%2C1000&ssl=1\",\"datePublished\":\"2024-11-30T17:32:25+00:00\",\"dateModified\":\"2026-04-28T15:40:09+00:00\",\"description\":\"Taskutega vanaroheline \u00dcRP on pehme, kerge ja k\u00f5ige praktilisem ja m\u00f5nusam r\u00f5ivaese, mida Sa eales kandnud oled! Mugavus v\u00f5ib olla ka ilus!\",\"breadcrumb\":{\"@id\":\"https:\\\/\\\/yrp.ee\\\/toode\\\/kohev-urp-vanaroheline\\\/#breadcrumb\"},\"inLanguage\":\"en-GB\",\"potentialAction\":[{\"@type\":\"ReadAction\",\"target\":[\"https:\\\/\\\/yrp.ee\\\/toode\\\/kohev-urp-vanaroheline\\\/\"]}]},{\"@type\":\"ImageObject\",\"inLanguage\":\"en-GB\",\"@id\":\"https:\\\/\\\/yrp.ee\\\/toode\\\/kohev-urp-vanaroheline\\\/#primaryimage\",\"url\":\"https:\\\/\\\/i0.wp.com\\\/yrp.ee\\\/wp-content\\\/uploads\\\/2024\\\/11\\\/Vanaroheline-kohev-URP-lipsuga.jpg?fit=1000%2C1000&ssl=1\",\"contentUrl\":\"https:\\\/\\\/i0.wp.com\\\/yrp.ee\\\/wp-content\\\/uploads\\\/2024\\\/11\\\/Vanaroheline-kohev-URP-lipsuga.jpg?fit=1000%2C1000&ssl=1\",\"width\":1000,\"height\":1000},{\"@type\":\"BreadcrumbList\",\"@id\":\"https:\\\/\\\/yrp.ee\\\/toode\\\/kohev-urp-vanaroheline\\\/#breadcrumb\",\"itemListElement\":[{\"@type\":\"ListItem\",\"position\":1,\"name\":\"Home\",\"item\":\"https:\\\/\\\/yrp.ee\\\/\"},{\"@type\":\"ListItem\",\"position\":2,\"name\":\"Tooted\",\"item\":\"https:\\\/\\\/yrp.ee\\\/shop\\\/\"},{\"@type\":\"ListItem\",\"position\":3,\"name\":\"Kohev \u00dcRP Vanaroheline\"}]},{\"@type\":\"WebSite\",\"@id\":\"https:\\\/\\\/yrp.ee\\\/#website\",\"url\":\"https:\\\/\\\/yrp.ee\\\/\",\"name\":\"\u00dcRP\",\"description\":\"Mugavus, mis hoolib maailmast | Zero Waste puuvillased mantlid Eestis\",\"publisher\":{\"@id\":\"https:\\\/\\\/yrp.ee\\\/#organization\"},\"potentialAction\":[{\"@type\":\"SearchAction\",\"target\":{\"@type\":\"EntryPoint\",\"urlTemplate\":\"https:\\\/\\\/yrp.ee\\\/?s={search_term_string}\"},\"query-input\":{\"@type\":\"PropertyValueSpecification\",\"valueRequired\":true,\"valueName\":\"search_term_string\"}}],\"inLanguage\":\"en-GB\"},{\"@type\":\"Organization\",\"@id\":\"https:\\\/\\\/yrp.ee\\\/#organization\",\"name\":\"\u00dcRP\",\"url\":\"https:\\\/\\\/yrp.ee\\\/\",\"logo\":{\"@type\":\"ImageObject\",\"inLanguage\":\"en-GB\",\"@id\":\"https:\\\/\\\/yrp.ee\\\/#\\\/schema\\\/logo\\\/image\\\/\",\"url\":\"https:\\\/\\\/yrp.ee\\\/wp-content\\\/uploads\\\/2021\\\/04\\\/Urp-must.svg\",\"contentUrl\":\"https:\\\/\\\/yrp.ee\\\/wp-content\\\/uploads\\\/2021\\\/04\\\/Urp-must.svg\",\"width\":1000,\"height\":521,\"caption\":\"\u00dcRP\"},\"image\":{\"@id\":\"https:\\\/\\\/yrp.ee\\\/#\\\/schema\\\/logo\\\/image\\\/\"},\"sameAs\":[\"https:\\\/\\\/www.facebook.com\\\/yrp.mantel\",\"https:\\\/\\\/www.instagram.com\\\/yrp.mantel\"]}]}<\/script>\n<!-- \/ Yoast SEO plugin. -->","yoast_head_json":{"title":"Kohev \u00dcRP Vanaroheline &#8226; Mugavus, mis hoolib maailmast | Zero Waste puuvillased mantlid Eestis","description":"Taskutega vanaroheline \u00dcRP on pehme, kerge ja k\u00f5ige praktilisem ja m\u00f5nusam r\u00f5ivaese, mida Sa eales kandnud oled! Mugavus v\u00f5ib olla ka ilus!","robots":{"index":"index","follow":"follow","max-snippet":"max-snippet:-1","max-image-preview":"max-image-preview:large","max-video-preview":"max-video-preview:-1"},"canonical":"https:\/\/yrp.ee\/en\/product\/kohev-urp-vanaroheline\/","og_locale":"en_GB","og_type":"article","og_title":"Kohev \u00dcRP Vanaroheline &#8226; Mugavus, mis hoolib maailmast | Zero Waste puuvillased mantlid Eestis","og_description":"Taskutega vanaroheline \u00dcRP on pehme, kerge ja k\u00f5ige praktilisem ja m\u00f5nusam r\u00f5ivaese, mida Sa eales kandnud oled! Mugavus v\u00f5ib olla ka ilus!","og_url":"https:\/\/yrp.ee\/en\/product\/kohev-urp-vanaroheline\/","og_site_name":"\u00dcRP","article_publisher":"https:\/\/www.facebook.com\/yrp.mantel","article_modified_time":"2026-04-28T15:40:09+00:00","og_image":[{"width":1000,"height":1000,"url":"https:\/\/yrp.ee\/wp-content\/uploads\/2024\/11\/Vanaroheline-kohev-URP-lipsuga.jpg","type":"image\/jpeg"}],"twitter_card":"summary_large_image","twitter_misc":{"Estimated reading time":"1 minute"},"schema":{"@context":"https:\/\/schema.org","@graph":[{"@type":"WebPage","@id":"https:\/\/yrp.ee\/toode\/kohev-urp-vanaroheline\/","url":"https:\/\/yrp.ee\/toode\/kohev-urp-vanaroheline\/","name":"Kohev \u00dcRP Vanaroheline &#8226; Mugavus, mis hoolib maailmast | Zero Waste puuvillased mantlid Eestis","isPartOf":{"@id":"https:\/\/yrp.ee\/#website"},"primaryImageOfPage":{"@id":"https:\/\/yrp.ee\/toode\/kohev-urp-vanaroheline\/#primaryimage"},"image":{"@id":"https:\/\/yrp.ee\/toode\/kohev-urp-vanaroheline\/#primaryimage"},"thumbnailUrl":"https:\/\/i0.wp.com\/yrp.ee\/wp-content\/uploads\/2024\/11\/Vanaroheline-kohev-URP-lipsuga.jpg?fit=1000%2C1000&ssl=1","datePublished":"2024-11-30T17:32:25+00:00","dateModified":"2026-04-28T15:40:09+00:00","description":"Taskutega vanaroheline \u00dcRP on pehme, kerge ja k\u00f5ige praktilisem ja m\u00f5nusam r\u00f5ivaese, mida Sa eales kandnud oled! Mugavus v\u00f5ib olla ka ilus!","breadcrumb":{"@id":"https:\/\/yrp.ee\/toode\/kohev-urp-vanaroheline\/#breadcrumb"},"inLanguage":"en-GB","potentialAction":[{"@type":"ReadAction","target":["https:\/\/yrp.ee\/toode\/kohev-urp-vanaroheline\/"]}]},{"@type":"ImageObject","inLanguage":"en-GB","@id":"https:\/\/yrp.ee\/toode\/kohev-urp-vanaroheline\/#primaryimage","url":"https:\/\/i0.wp.com\/yrp.ee\/wp-content\/uploads\/2024\/11\/Vanaroheline-kohev-URP-lipsuga.jpg?fit=1000%2C1000&ssl=1","contentUrl":"https:\/\/i0.wp.com\/yrp.ee\/wp-content\/uploads\/2024\/11\/Vanaroheline-kohev-URP-lipsuga.jpg?fit=1000%2C1000&ssl=1","width":1000,"height":1000},{"@type":"BreadcrumbList","@id":"https:\/\/yrp.ee\/toode\/kohev-urp-vanaroheline\/#breadcrumb","itemListElement":[{"@type":"ListItem","position":1,"name":"Home","item":"https:\/\/yrp.ee\/"},{"@type":"ListItem","position":2,"name":"Tooted","item":"https:\/\/yrp.ee\/shop\/"},{"@type":"ListItem","position":3,"name":"Kohev \u00dcRP Vanaroheline"}]},{"@type":"WebSite","@id":"https:\/\/yrp.ee\/#website","url":"https:\/\/yrp.ee\/","name":"\u00dcRP","description":"Mugavus, mis hoolib maailmast | Zero Waste puuvillased mantlid Eestis","publisher":{"@id":"https:\/\/yrp.ee\/#organization"},"potentialAction":[{"@type":"SearchAction","target":{"@type":"EntryPoint","urlTemplate":"https:\/\/yrp.ee\/?s={search_term_string}"},"query-input":{"@type":"PropertyValueSpecification","valueRequired":true,"valueName":"search_term_string"}}],"inLanguage":"en-GB"},{"@type":"Organization","@id":"https:\/\/yrp.ee\/#organization","name":"\u00dcRP","url":"https:\/\/yrp.ee\/","logo":{"@type":"ImageObject","inLanguage":"en-GB","@id":"https:\/\/yrp.ee\/#\/schema\/logo\/image\/","url":"https:\/\/yrp.ee\/wp-content\/uploads\/2021\/04\/Urp-must.svg","contentUrl":"https:\/\/yrp.ee\/wp-content\/uploads\/2021\/04\/Urp-must.svg","width":1000,"height":521,"caption":"\u00dcRP"},"image":{"@id":"https:\/\/yrp.ee\/#\/schema\/logo\/image\/"},"sameAs":["https:\/\/www.facebook.com\/yrp.mantel","https:\/\/www.instagram.com\/yrp.mantel"]}]}},"jetpack_sharing_enabled":true,"_links":{"self":[{"href":"https:\/\/yrp.ee\/en\/wp-json\/wp\/v2\/product\/3316","targetHints":{"allow":["GET"]}}],"collection":[{"href":"https:\/\/yrp.ee\/en\/wp-json\/wp\/v2\/product"}],"about":[{"href":"https:\/\/yrp.ee\/en\/wp-json\/wp\/v2\/types\/product"}],"replies":[{"embeddable":true,"href":"https:\/\/yrp.ee\/en\/wp-json\/wp\/v2\/comments?post=3316"}],"version-history":[{"count":3,"href":"https:\/\/yrp.ee\/en\/wp-json\/wp\/v2\/product\/3316\/revisions"}],"predecessor-version":[{"id":3357,"href":"https:\/\/yrp.ee\/en\/wp-json\/wp\/v2\/product\/3316\/revisions\/3357"}],"wp:featuredmedia":[{"embeddable":true,"href":"https:\/\/yrp.ee\/en\/wp-json\/wp\/v2\/media\/3320"}],"wp:attachment":[{"href":"https:\/\/yrp.ee\/en\/wp-json\/wp\/v2\/media?parent=3316"}],"wp:term":[{"taxonomy":"product_brand","embeddable":true,"href":"https:\/\/yrp.ee\/en\/wp-json\/wp\/v2\/product_brand?post=3316"},{"taxonomy":"product_cat","embeddable":true,"href":"https:\/\/yrp.ee\/en\/wp-json\/wp\/v2\/product_cat?post=3316"},{"taxonomy":"product_tag","embeddable":true,"href":"https:\/\/yrp.ee\/en\/wp-json\/wp\/v2\/product_tag?post=3316"}],"curies":[{"name":"wp","href":"https:\/\/api.w.org\/{rel}","templated":true}]}}