{"id":3225,"date":"2024-08-09T20:27:39","date_gmt":"2024-08-09T18:27:39","guid":{"rendered":"https:\/\/www.xn--rp-wka.ee\/?post_type=product&#038;p=3225"},"modified":"2026-04-28T17:41:46","modified_gmt":"2026-04-28T15:41:46","slug":"urp-greige","status":"publish","type":"product","link":"https:\/\/yrp.ee\/en\/product\/urp-greige\/","title":{"rendered":"\u00dcRP Greige"},"content":{"rendered":"<h4>100% cotton muslin \u00dcRP with pockets<\/h4>\n<p>&nbsp;<\/p>\n<p class=\"translation-block\"><strong>Updated sizes!<\/strong> S\/M and L\/XL are now slightly larger than previous models \u2014 all to make them extra comfortable.<\/p>\n<p class=\"translation-block\">And what could be more ideal than a \u00dcRP with pockets, made from the world\u2019s coziest soft cotton fabric? Practical and comfortable, it fills that gap in your wardrobe when it feels like you have nothing to wear! Just throw on your \u00dcRP \u2014 because who wouldn\u2019t want to feel cozy 24\/7\u2026<\/p>\n<p>You can pair \u00dcRP with absolutely anything! There are no limits when it comes to colors or garments\u2026 and at the same time, you can also leave it unpaired, because \u00dcRP is perfectly wearable on its own. \ud83d\ude09<\/p>\n<p>Ideal to wear outdoors in summer - just on the street or on the beach as sunscreen. When it is cold outside, it is also perfectly suitable for indoor use. Exactly right if you want to throw something on, or hide your skin from the sun with heat in summer\u2026<\/p>\n<p>Naha vastu m\u00f5nus ja pehme, h\u00e4sti hingav materjal. Sobib nii hommikumantliks, kui niisama kimonoks. Kanna kodus, rannas v\u00f5i t\u00e4naval!<\/p>\n<p>&nbsp;<\/p>\n<p class=\"translation-block\">100% cotton, STANDARD 100 by OEKO-TEX\u00ae, weight 130 g\/m2.<\/p>\n<p class=\"translation-block\">Care instructions: Machine wash up to 30\u00b0C, hand wash, iron up to 100\u00b0C. Do not bleach, do not tumble dry.<\/p>\n<p class=\"translation-block\">Look maintenance instructions <a href=\"https:\/\/www.xn--rp-wka.ee\/kuidas-hooldada-urpi\/\" target=\"_self\">HERE<\/a>.<\/p>\n<p class=\"translation-block\">P.S. When selecting a size from the dropdown menu, you\u2019ll also see the corresponding measurements. All measurements are taken without stretching, and since the products are freshly washed, they may appear slightly more crinkled than after you\u2019ve worn them a few times.<\/p>","protected":false},"excerpt":{"rendered":"<p>100% puuvillane musliinist taskutega mantel \u00dcRP &nbsp; Uuenenud suurused! Ehk S\/M ja L\/XL on n\u00fc\u00fcd varasematest mudelitest natukene suuremad! Ikka selleks, et oleks eriti m\u00f5nus. Ja mis v\u00f5iks olla ideaalsem, kui maailma m\u00f5nusamaist pehmest puuvillasest kangast taskutega\u00a0\u00dcRP? See praktiline ja mugav t\u00e4idab selle t\u00fchimiku riidekapis, kui j\u00e4lle ei ole midagi selga panna! No viska \u00dcRP [&hellip;]<\/p>\n","protected":false},"featured_media":3229,"comment_status":"open","ping_status":"closed","template":"","meta":{"site-sidebar-layout":"default","site-content-layout":"default","ast-site-content-layout":"default","site-content-style":"default","site-sidebar-style":"default","ast-global-header-display":"","ast-banner-title-visibility":"","ast-main-header-display":"","ast-hfb-above-header-display":"","ast-hfb-below-header-display":"","ast-hfb-mobile-header-display":"","site-post-title":"","ast-breadcrumbs-content":"","ast-featured-img":"","footer-sml-layout":"","ast-disable-related-posts":"","theme-transparent-header-meta":"default","adv-header-id-meta":"","stick-header-meta":"","header-above-stick-meta":"","header-main-stick-meta":"","header-below-stick-meta":"","astra-migrate-meta-layouts":"set","ast-page-background-enabled":"default","ast-page-background-meta":{"desktop":{"background-color":"","background-image":"","background-repeat":"repeat","background-position":"center center","background-size":"auto","background-attachment":"scroll","background-type":"","background-media":"","overlay-type":"","overlay-color":"","overlay-opacity":"","overlay-gradient":""},"tablet":{"background-color":"","background-image":"","background-repeat":"repeat","background-position":"center center","background-size":"auto","background-attachment":"scroll","background-type":"","background-media":"","overlay-type":"","overlay-color":"","overlay-opacity":"","overlay-gradient":""},"mobile":{"background-color":"","background-image":"","background-repeat":"repeat","background-position":"center center","background-size":"auto","background-attachment":"scroll","background-type":"","background-media":"","overlay-type":"","overlay-color":"","overlay-opacity":"","overlay-gradient":""}},"ast-content-background-meta":{"desktop":{"background-color":"var(--ast-global-color-5)","background-image":"","background-repeat":"repeat","background-position":"center center","background-size":"auto","background-attachment":"scroll","background-type":"","background-media":"","overlay-type":"","overlay-color":"","overlay-opacity":"","overlay-gradient":""},"tablet":{"background-color":"var(--ast-global-color-5)","background-image":"","background-repeat":"repeat","background-position":"center center","background-size":"auto","background-attachment":"scroll","background-type":"","background-media":"","overlay-type":"","overlay-color":"","overlay-opacity":"","overlay-gradient":""},"mobile":{"background-color":"var(--ast-global-color-5)","background-image":"","background-repeat":"repeat","background-position":"center center","background-size":"auto","background-attachment":"scroll","background-type":"","background-media":"","overlay-type":"","overlay-color":"","overlay-opacity":"","overlay-gradient":""}}},"product_brand":[],"product_cat":[97],"product_tag":[],"class_list":{"0":"post-3225","1":"product","2":"type-product","3":"status-publish","4":"has-post-thumbnail","6":"product_cat-yrp-mantel","7":"desktop-align-left","8":"tablet-align-left","9":"mobile-align-left","11":"first","12":"instock","13":"taxable","14":"shipping-taxable","15":"purchasable","16":"product-type-variable"},"yoast_head":"<!-- This site is optimized with the Yoast SEO plugin v27.5 - https:\/\/yoast.com\/product\/yoast-seo-wordpress\/ -->\n<title>\u00dcRP Greige &#8226; \u00dcRP &#8226; Mugavus, mis hoolib maailmast | Zero Waste puuvillased mantlid Eestis<\/title>\n<meta name=\"description\" content=\"Taskutega greige (grey+beige) v\u00e4rvi \u00dcRP on suvine, kerge ja k\u00f5ige praktilisem ja pehmem r\u00f5ivaese, mida Sa eales kandnud oled!\" \/>\n<meta name=\"robots\" content=\"index, follow, max-snippet:-1, max-image-preview:large, max-video-preview:-1\" \/>\n<link rel=\"canonical\" href=\"https:\/\/yrp.ee\/en\/product\/urp-greige\/\" \/>\n<meta property=\"og:locale\" content=\"en_GB\" \/>\n<meta property=\"og:type\" content=\"article\" \/>\n<meta property=\"og:title\" content=\"\u00dcRP Greige &#8226; \u00dcRP &#8226; Mugavus, mis hoolib maailmast | Zero Waste puuvillased mantlid Eestis\" \/>\n<meta property=\"og:description\" content=\"Taskutega greige (grey+beige) v\u00e4rvi \u00dcRP on suvine, kerge ja k\u00f5ige praktilisem ja pehmem r\u00f5ivaese, mida Sa eales kandnud oled!\" \/>\n<meta property=\"og:url\" content=\"https:\/\/yrp.ee\/en\/product\/urp-greige\/\" \/>\n<meta property=\"og:site_name\" content=\"\u00dcRP\" \/>\n<meta property=\"article:publisher\" content=\"https:\/\/www.facebook.com\/yrp.mantel\" \/>\n<meta property=\"article:modified_time\" content=\"2026-04-28T15:41:46+00:00\" \/>\n<meta property=\"og:image\" content=\"https:\/\/yrp.ee\/wp-content\/uploads\/2024\/08\/URP-Grainge-lipsuga-web-2-e1723229938391.jpg\" \/>\n\t<meta property=\"og:image:width\" content=\"1422\" \/>\n\t<meta property=\"og:image:height\" content=\"1422\" \/>\n\t<meta property=\"og:image:type\" content=\"image\/jpeg\" \/>\n<meta name=\"twitter:card\" content=\"summary_large_image\" \/>\n<meta name=\"twitter:label1\" content=\"Estimated reading time\" \/>\n\t<meta name=\"twitter:data1\" content=\"1 minute\" \/>\n<script type=\"application\/ld+json\" class=\"yoast-schema-graph\">{\"@context\":\"https:\\\/\\\/schema.org\",\"@graph\":[{\"@type\":\"WebPage\",\"@id\":\"https:\\\/\\\/yrp.ee\\\/toode\\\/urp-greige\\\/\",\"url\":\"https:\\\/\\\/yrp.ee\\\/toode\\\/urp-greige\\\/\",\"name\":\"\u00dcRP Greige &#8226; \u00dcRP &#8226; Mugavus, mis hoolib maailmast | Zero Waste puuvillased mantlid Eestis\",\"isPartOf\":{\"@id\":\"https:\\\/\\\/yrp.ee\\\/#website\"},\"primaryImageOfPage\":{\"@id\":\"https:\\\/\\\/yrp.ee\\\/toode\\\/urp-greige\\\/#primaryimage\"},\"image\":{\"@id\":\"https:\\\/\\\/yrp.ee\\\/toode\\\/urp-greige\\\/#primaryimage\"},\"thumbnailUrl\":\"https:\\\/\\\/i0.wp.com\\\/yrp.ee\\\/wp-content\\\/uploads\\\/2024\\\/08\\\/URP-Grainge-lipsuga-web-2-e1723229938391.jpg?fit=1422%2C1422&ssl=1\",\"datePublished\":\"2024-08-09T18:27:39+00:00\",\"dateModified\":\"2026-04-28T15:41:46+00:00\",\"description\":\"Taskutega greige (grey+beige) v\u00e4rvi \u00dcRP on suvine, kerge ja k\u00f5ige praktilisem ja pehmem r\u00f5ivaese, mida Sa eales kandnud oled!\",\"breadcrumb\":{\"@id\":\"https:\\\/\\\/yrp.ee\\\/toode\\\/urp-greige\\\/#breadcrumb\"},\"inLanguage\":\"en-GB\",\"potentialAction\":[{\"@type\":\"ReadAction\",\"target\":[\"https:\\\/\\\/yrp.ee\\\/toode\\\/urp-greige\\\/\"]}]},{\"@type\":\"ImageObject\",\"inLanguage\":\"en-GB\",\"@id\":\"https:\\\/\\\/yrp.ee\\\/toode\\\/urp-greige\\\/#primaryimage\",\"url\":\"https:\\\/\\\/i0.wp.com\\\/yrp.ee\\\/wp-content\\\/uploads\\\/2024\\\/08\\\/URP-Grainge-lipsuga-web-2-e1723229938391.jpg?fit=1422%2C1422&ssl=1\",\"contentUrl\":\"https:\\\/\\\/i0.wp.com\\\/yrp.ee\\\/wp-content\\\/uploads\\\/2024\\\/08\\\/URP-Grainge-lipsuga-web-2-e1723229938391.jpg?fit=1422%2C1422&ssl=1\",\"width\":1422,\"height\":1422},{\"@type\":\"BreadcrumbList\",\"@id\":\"https:\\\/\\\/yrp.ee\\\/toode\\\/urp-greige\\\/#breadcrumb\",\"itemListElement\":[{\"@type\":\"ListItem\",\"position\":1,\"name\":\"Home\",\"item\":\"https:\\\/\\\/yrp.ee\\\/\"},{\"@type\":\"ListItem\",\"position\":2,\"name\":\"Tooted\",\"item\":\"https:\\\/\\\/yrp.ee\\\/shop\\\/\"},{\"@type\":\"ListItem\",\"position\":3,\"name\":\"\u00dcRP Greige\"}]},{\"@type\":\"WebSite\",\"@id\":\"https:\\\/\\\/yrp.ee\\\/#website\",\"url\":\"https:\\\/\\\/yrp.ee\\\/\",\"name\":\"\u00dcRP\",\"description\":\"Mugavus, mis hoolib maailmast | Zero Waste puuvillased mantlid Eestis\",\"publisher\":{\"@id\":\"https:\\\/\\\/yrp.ee\\\/#organization\"},\"potentialAction\":[{\"@type\":\"SearchAction\",\"target\":{\"@type\":\"EntryPoint\",\"urlTemplate\":\"https:\\\/\\\/yrp.ee\\\/?s={search_term_string}\"},\"query-input\":{\"@type\":\"PropertyValueSpecification\",\"valueRequired\":true,\"valueName\":\"search_term_string\"}}],\"inLanguage\":\"en-GB\"},{\"@type\":\"Organization\",\"@id\":\"https:\\\/\\\/yrp.ee\\\/#organization\",\"name\":\"\u00dcRP\",\"url\":\"https:\\\/\\\/yrp.ee\\\/\",\"logo\":{\"@type\":\"ImageObject\",\"inLanguage\":\"en-GB\",\"@id\":\"https:\\\/\\\/yrp.ee\\\/#\\\/schema\\\/logo\\\/image\\\/\",\"url\":\"https:\\\/\\\/yrp.ee\\\/wp-content\\\/uploads\\\/2021\\\/04\\\/Urp-must.svg\",\"contentUrl\":\"https:\\\/\\\/yrp.ee\\\/wp-content\\\/uploads\\\/2021\\\/04\\\/Urp-must.svg\",\"width\":1000,\"height\":521,\"caption\":\"\u00dcRP\"},\"image\":{\"@id\":\"https:\\\/\\\/yrp.ee\\\/#\\\/schema\\\/logo\\\/image\\\/\"},\"sameAs\":[\"https:\\\/\\\/www.facebook.com\\\/yrp.mantel\",\"https:\\\/\\\/www.instagram.com\\\/yrp.mantel\"]}]}<\/script>\n<!-- \/ Yoast SEO plugin. -->","yoast_head_json":{"title":"\u00dcRP Greige &#8226; \u00dcRP &#8226; Mugavus, mis hoolib maailmast | Zero Waste puuvillased mantlid Eestis","description":"Taskutega greige (grey+beige) v\u00e4rvi \u00dcRP on suvine, kerge ja k\u00f5ige praktilisem ja pehmem r\u00f5ivaese, mida Sa eales kandnud oled!","robots":{"index":"index","follow":"follow","max-snippet":"max-snippet:-1","max-image-preview":"max-image-preview:large","max-video-preview":"max-video-preview:-1"},"canonical":"https:\/\/yrp.ee\/en\/product\/urp-greige\/","og_locale":"en_GB","og_type":"article","og_title":"\u00dcRP Greige &#8226; \u00dcRP &#8226; Mugavus, mis hoolib maailmast | Zero Waste puuvillased mantlid Eestis","og_description":"Taskutega greige (grey+beige) v\u00e4rvi \u00dcRP on suvine, kerge ja k\u00f5ige praktilisem ja pehmem r\u00f5ivaese, mida Sa eales kandnud oled!","og_url":"https:\/\/yrp.ee\/en\/product\/urp-greige\/","og_site_name":"\u00dcRP","article_publisher":"https:\/\/www.facebook.com\/yrp.mantel","article_modified_time":"2026-04-28T15:41:46+00:00","og_image":[{"width":1422,"height":1422,"url":"https:\/\/yrp.ee\/wp-content\/uploads\/2024\/08\/URP-Grainge-lipsuga-web-2-e1723229938391.jpg","type":"image\/jpeg"}],"twitter_card":"summary_large_image","twitter_misc":{"Estimated reading time":"1 minute"},"schema":{"@context":"https:\/\/schema.org","@graph":[{"@type":"WebPage","@id":"https:\/\/yrp.ee\/toode\/urp-greige\/","url":"https:\/\/yrp.ee\/toode\/urp-greige\/","name":"\u00dcRP Greige &#8226; \u00dcRP &#8226; Mugavus, mis hoolib maailmast | Zero Waste puuvillased mantlid Eestis","isPartOf":{"@id":"https:\/\/yrp.ee\/#website"},"primaryImageOfPage":{"@id":"https:\/\/yrp.ee\/toode\/urp-greige\/#primaryimage"},"image":{"@id":"https:\/\/yrp.ee\/toode\/urp-greige\/#primaryimage"},"thumbnailUrl":"https:\/\/i0.wp.com\/yrp.ee\/wp-content\/uploads\/2024\/08\/URP-Grainge-lipsuga-web-2-e1723229938391.jpg?fit=1422%2C1422&ssl=1","datePublished":"2024-08-09T18:27:39+00:00","dateModified":"2026-04-28T15:41:46+00:00","description":"Taskutega greige (grey+beige) v\u00e4rvi \u00dcRP on suvine, kerge ja k\u00f5ige praktilisem ja pehmem r\u00f5ivaese, mida Sa eales kandnud oled!","breadcrumb":{"@id":"https:\/\/yrp.ee\/toode\/urp-greige\/#breadcrumb"},"inLanguage":"en-GB","potentialAction":[{"@type":"ReadAction","target":["https:\/\/yrp.ee\/toode\/urp-greige\/"]}]},{"@type":"ImageObject","inLanguage":"en-GB","@id":"https:\/\/yrp.ee\/toode\/urp-greige\/#primaryimage","url":"https:\/\/i0.wp.com\/yrp.ee\/wp-content\/uploads\/2024\/08\/URP-Grainge-lipsuga-web-2-e1723229938391.jpg?fit=1422%2C1422&ssl=1","contentUrl":"https:\/\/i0.wp.com\/yrp.ee\/wp-content\/uploads\/2024\/08\/URP-Grainge-lipsuga-web-2-e1723229938391.jpg?fit=1422%2C1422&ssl=1","width":1422,"height":1422},{"@type":"BreadcrumbList","@id":"https:\/\/yrp.ee\/toode\/urp-greige\/#breadcrumb","itemListElement":[{"@type":"ListItem","position":1,"name":"Home","item":"https:\/\/yrp.ee\/"},{"@type":"ListItem","position":2,"name":"Tooted","item":"https:\/\/yrp.ee\/shop\/"},{"@type":"ListItem","position":3,"name":"\u00dcRP Greige"}]},{"@type":"WebSite","@id":"https:\/\/yrp.ee\/#website","url":"https:\/\/yrp.ee\/","name":"\u00dcRP","description":"Mugavus, mis hoolib maailmast | Zero Waste puuvillased mantlid Eestis","publisher":{"@id":"https:\/\/yrp.ee\/#organization"},"potentialAction":[{"@type":"SearchAction","target":{"@type":"EntryPoint","urlTemplate":"https:\/\/yrp.ee\/?s={search_term_string}"},"query-input":{"@type":"PropertyValueSpecification","valueRequired":true,"valueName":"search_term_string"}}],"inLanguage":"en-GB"},{"@type":"Organization","@id":"https:\/\/yrp.ee\/#organization","name":"\u00dcRP","url":"https:\/\/yrp.ee\/","logo":{"@type":"ImageObject","inLanguage":"en-GB","@id":"https:\/\/yrp.ee\/#\/schema\/logo\/image\/","url":"https:\/\/yrp.ee\/wp-content\/uploads\/2021\/04\/Urp-must.svg","contentUrl":"https:\/\/yrp.ee\/wp-content\/uploads\/2021\/04\/Urp-must.svg","width":1000,"height":521,"caption":"\u00dcRP"},"image":{"@id":"https:\/\/yrp.ee\/#\/schema\/logo\/image\/"},"sameAs":["https:\/\/www.facebook.com\/yrp.mantel","https:\/\/www.instagram.com\/yrp.mantel"]}]}},"jetpack_sharing_enabled":true,"_links":{"self":[{"href":"https:\/\/yrp.ee\/en\/wp-json\/wp\/v2\/product\/3225","targetHints":{"allow":["GET"]}}],"collection":[{"href":"https:\/\/yrp.ee\/en\/wp-json\/wp\/v2\/product"}],"about":[{"href":"https:\/\/yrp.ee\/en\/wp-json\/wp\/v2\/types\/product"}],"replies":[{"embeddable":true,"href":"https:\/\/yrp.ee\/en\/wp-json\/wp\/v2\/comments?post=3225"}],"version-history":[{"count":3,"href":"https:\/\/yrp.ee\/en\/wp-json\/wp\/v2\/product\/3225\/revisions"}],"predecessor-version":[{"id":3393,"href":"https:\/\/yrp.ee\/en\/wp-json\/wp\/v2\/product\/3225\/revisions\/3393"}],"wp:featuredmedia":[{"embeddable":true,"href":"https:\/\/yrp.ee\/en\/wp-json\/wp\/v2\/media\/3229"}],"wp:attachment":[{"href":"https:\/\/yrp.ee\/en\/wp-json\/wp\/v2\/media?parent=3225"}],"wp:term":[{"taxonomy":"product_brand","embeddable":true,"href":"https:\/\/yrp.ee\/en\/wp-json\/wp\/v2\/product_brand?post=3225"},{"taxonomy":"product_cat","embeddable":true,"href":"https:\/\/yrp.ee\/en\/wp-json\/wp\/v2\/product_cat?post=3225"},{"taxonomy":"product_tag","embeddable":true,"href":"https:\/\/yrp.ee\/en\/wp-json\/wp\/v2\/product_tag?post=3225"}],"curies":[{"name":"wp","href":"https:\/\/api.w.org\/{rel}","templated":true}]}}