{"id":1628,"date":"2022-06-08T00:00:34","date_gmt":"2022-06-07T22:00:34","guid":{"rendered":"https:\/\/www.xn--rp-wka.ee\/?post_type=product&#038;p=1628"},"modified":"2026-04-28T17:44:47","modified_gmt":"2026-04-28T15:44:47","slug":"kohev-urp-must","status":"publish","type":"product","link":"https:\/\/yrp.ee\/en\/product\/kohev-urp-must\/","title":{"rendered":"Fluffy \u00dcRP Black"},"content":{"rendered":"<p class=\"translation-block\">This is it! The world\u2019s coziest \u00dcRP!\nMade from triple-layer muslin in black\u2026 it currently feels like the perfect combination of the softest fabric and the most versatile color!<\/p>\n<p>It has pockets, it has a belt... size and shape universal enough to fit everyone.<\/p>\n<p>Made using the same principles as before \u2014 to ensure as little fabric waste as possible!<\/p>\n<p>Extra fluffy and soft, even more pleasant against the skin than previous versions. Perfect for winter and cooler seasons.<\/p>\n<p>&nbsp;<\/p>\n<p>The mannequin is size 36\/38 and is wearing size S\/M.<\/p>\n<p class=\"translation-block\">100% cotton, STANDARD 100 by OEKO-TEX\u00ae, weight 180 g\/m2.<\/p>\n<p class=\"translation-block\">Care instructions: Machine wash up to 30\u00b0C, hand wash, iron up to 100\u00b0C. Do not bleach, do not tumble dry.<\/p>\n<p><strong>NB! If you\u2019re unsure, it\u2019s better to choose the larger size!<\/strong><\/p>\n<p>Exchange is possible if a suitable product is available! If the right size is not in stock, you can also return the product within 14 days, provided it has not been worn. Please contact us regarding exchanges or returns and we\u2019ll arrange the next steps together!<\/p>","protected":false},"excerpt":{"rendered":"<p>Vot see! See on maailma k\u00f5ige m\u00f5nusam \u00dcRP! Kolmekordsest musliinist, musta v\u00e4rvi&#8230; hetkel tundub, et see on ideaalne kombinatsioon k\u00f5ige pehmemast kangast ja k\u00f5ige universaalsemast v\u00e4rvist! Tal on taskud, tal on v\u00f6\u00f6&#8230; suurus ja kuju piisavalt universaalne, et sobituda k\u00f5igile. Valmistatud samal p\u00f5him\u00f5ttel, nagu eelmisedki &#8211; et v\u00f5imalikult v\u00e4he kangast l\u00e4heks raisku! Eriti kohev ja [&hellip;]<\/p>\n","protected":false},"featured_media":1631,"comment_status":"open","ping_status":"closed","template":"","meta":{"site-sidebar-layout":"default","site-content-layout":"default","ast-site-content-layout":"default","site-content-style":"default","site-sidebar-style":"default","ast-global-header-display":"","ast-banner-title-visibility":"","ast-main-header-display":"","ast-hfb-above-header-display":"","ast-hfb-below-header-display":"","ast-hfb-mobile-header-display":"","site-post-title":"","ast-breadcrumbs-content":"","ast-featured-img":"","footer-sml-layout":"","ast-disable-related-posts":"","theme-transparent-header-meta":"default","adv-header-id-meta":"","stick-header-meta":"","header-above-stick-meta":"","header-main-stick-meta":"","header-below-stick-meta":"","astra-migrate-meta-layouts":"set","ast-page-background-enabled":"default","ast-page-background-meta":{"desktop":{"background-color":"","background-image":"","background-repeat":"repeat","background-position":"center center","background-size":"auto","background-attachment":"scroll","background-type":"","background-media":"","overlay-type":"","overlay-color":"","overlay-opacity":"","overlay-gradient":""},"tablet":{"background-color":"","background-image":"","background-repeat":"repeat","background-position":"center center","background-size":"auto","background-attachment":"scroll","background-type":"","background-media":"","overlay-type":"","overlay-color":"","overlay-opacity":"","overlay-gradient":""},"mobile":{"background-color":"","background-image":"","background-repeat":"repeat","background-position":"center center","background-size":"auto","background-attachment":"scroll","background-type":"","background-media":"","overlay-type":"","overlay-color":"","overlay-opacity":"","overlay-gradient":""}},"ast-content-background-meta":{"desktop":{"background-color":"var(--ast-global-color-5)","background-image":"","background-repeat":"repeat","background-position":"center center","background-size":"auto","background-attachment":"scroll","background-type":"","background-media":"","overlay-type":"","overlay-color":"","overlay-opacity":"","overlay-gradient":""},"tablet":{"background-color":"var(--ast-global-color-5)","background-image":"","background-repeat":"repeat","background-position":"center center","background-size":"auto","background-attachment":"scroll","background-type":"","background-media":"","overlay-type":"","overlay-color":"","overlay-opacity":"","overlay-gradient":""},"mobile":{"background-color":"var(--ast-global-color-5)","background-image":"","background-repeat":"repeat","background-position":"center center","background-size":"auto","background-attachment":"scroll","background-type":"","background-media":"","overlay-type":"","overlay-color":"","overlay-opacity":"","overlay-gradient":""}}},"product_brand":[],"product_cat":[97],"product_tag":[],"class_list":{"0":"post-1628","1":"product","2":"type-product","3":"status-publish","4":"has-post-thumbnail","6":"product_cat-yrp-mantel","7":"desktop-align-left","8":"tablet-align-left","9":"mobile-align-left","11":"first","12":"instock","13":"taxable","14":"shipping-taxable","15":"purchasable","16":"product-type-variable"},"yoast_head":"<!-- This site is optimized with the Yoast SEO plugin v27.5 - https:\/\/yoast.com\/product\/yoast-seo-wordpress\/ -->\n<title>Kohev \u00dcRP Must &#8226; \u00dcRP &#8226; Mugavus, mis hoolib maailmast | Zero Waste puuvillased mantlid Eestis<\/title>\n<meta name=\"description\" content=\"See kolmekordsest musliinist must \u00dcRP on k\u00f5ige m\u00f5nusam asi, mida selga t\u00f5mmata. \u2665 Zero waste, valmistatud Eestis, 100% puuvill.\" \/>\n<meta name=\"robots\" content=\"index, follow, max-snippet:-1, max-image-preview:large, max-video-preview:-1\" \/>\n<link rel=\"canonical\" href=\"https:\/\/yrp.ee\/en\/product\/kohev-urp-must\/\" \/>\n<meta property=\"og:locale\" content=\"en_GB\" \/>\n<meta property=\"og:type\" content=\"article\" \/>\n<meta property=\"og:title\" content=\"Kohev \u00dcRP Must &#8226; \u00dcRP &#8226; Mugavus, mis hoolib maailmast | Zero Waste puuvillased mantlid Eestis\" \/>\n<meta property=\"og:description\" content=\"See kolmekordsest musliinist must \u00dcRP on k\u00f5ige m\u00f5nusam asi, mida selga t\u00f5mmata. \u2665 Zero waste, valmistatud Eestis, 100% puuvill.\" \/>\n<meta property=\"og:url\" content=\"https:\/\/yrp.ee\/en\/product\/kohev-urp-must\/\" \/>\n<meta property=\"og:site_name\" content=\"\u00dcRP\" \/>\n<meta property=\"article:publisher\" content=\"https:\/\/www.facebook.com\/yrp.mantel\" \/>\n<meta property=\"article:modified_time\" content=\"2026-04-28T15:44:47+00:00\" \/>\n<meta property=\"og:image\" content=\"https:\/\/yrp.ee\/wp-content\/uploads\/2021\/10\/Must-U\u0308RP-lipsuga-e1633783774637.png\" \/>\n\t<meta property=\"og:image:width\" content=\"1500\" \/>\n\t<meta property=\"og:image:height\" content=\"1500\" \/>\n\t<meta property=\"og:image:type\" content=\"image\/png\" \/>\n<meta name=\"twitter:card\" content=\"summary_large_image\" \/>\n<meta name=\"twitter:label1\" content=\"Estimated reading time\" \/>\n\t<meta name=\"twitter:data1\" content=\"1 minute\" \/>\n<script type=\"application\/ld+json\" class=\"yoast-schema-graph\">{\"@context\":\"https:\\\/\\\/schema.org\",\"@graph\":[{\"@type\":\"WebPage\",\"@id\":\"https:\\\/\\\/yrp.ee\\\/toode\\\/kohev-urp-must\\\/\",\"url\":\"https:\\\/\\\/yrp.ee\\\/toode\\\/kohev-urp-must\\\/\",\"name\":\"Kohev \u00dcRP Must &#8226; \u00dcRP &#8226; Mugavus, mis hoolib maailmast | Zero Waste puuvillased mantlid Eestis\",\"isPartOf\":{\"@id\":\"https:\\\/\\\/yrp.ee\\\/#website\"},\"primaryImageOfPage\":{\"@id\":\"https:\\\/\\\/yrp.ee\\\/toode\\\/kohev-urp-must\\\/#primaryimage\"},\"image\":{\"@id\":\"https:\\\/\\\/yrp.ee\\\/toode\\\/kohev-urp-must\\\/#primaryimage\"},\"thumbnailUrl\":\"https:\\\/\\\/i0.wp.com\\\/yrp.ee\\\/wp-content\\\/uploads\\\/2021\\\/10\\\/Must-U%CC%88RP-lipsuga-e1633783774637.png?fit=1500%2C1500&ssl=1\",\"datePublished\":\"2022-06-07T22:00:34+00:00\",\"dateModified\":\"2026-04-28T15:44:47+00:00\",\"description\":\"See kolmekordsest musliinist must \u00dcRP on k\u00f5ige m\u00f5nusam asi, mida selga t\u00f5mmata. \u2665 Zero waste, valmistatud Eestis, 100% puuvill.\",\"breadcrumb\":{\"@id\":\"https:\\\/\\\/yrp.ee\\\/toode\\\/kohev-urp-must\\\/#breadcrumb\"},\"inLanguage\":\"en-GB\",\"potentialAction\":[{\"@type\":\"ReadAction\",\"target\":[\"https:\\\/\\\/yrp.ee\\\/toode\\\/kohev-urp-must\\\/\"]}]},{\"@type\":\"ImageObject\",\"inLanguage\":\"en-GB\",\"@id\":\"https:\\\/\\\/yrp.ee\\\/toode\\\/kohev-urp-must\\\/#primaryimage\",\"url\":\"https:\\\/\\\/i0.wp.com\\\/yrp.ee\\\/wp-content\\\/uploads\\\/2021\\\/10\\\/Must-U%CC%88RP-lipsuga-e1633783774637.png?fit=1500%2C1500&ssl=1\",\"contentUrl\":\"https:\\\/\\\/i0.wp.com\\\/yrp.ee\\\/wp-content\\\/uploads\\\/2021\\\/10\\\/Must-U%CC%88RP-lipsuga-e1633783774637.png?fit=1500%2C1500&ssl=1\",\"width\":1500,\"height\":1500,\"caption\":\"Puuvillasest musliinist musta v\u00e4rvi kohev \u00dcRP\"},{\"@type\":\"BreadcrumbList\",\"@id\":\"https:\\\/\\\/yrp.ee\\\/toode\\\/kohev-urp-must\\\/#breadcrumb\",\"itemListElement\":[{\"@type\":\"ListItem\",\"position\":1,\"name\":\"Home\",\"item\":\"https:\\\/\\\/yrp.ee\\\/\"},{\"@type\":\"ListItem\",\"position\":2,\"name\":\"Tooted\",\"item\":\"https:\\\/\\\/yrp.ee\\\/shop\\\/\"},{\"@type\":\"ListItem\",\"position\":3,\"name\":\"Kohev \u00dcRP Must\"}]},{\"@type\":\"WebSite\",\"@id\":\"https:\\\/\\\/yrp.ee\\\/#website\",\"url\":\"https:\\\/\\\/yrp.ee\\\/\",\"name\":\"\u00dcRP\",\"description\":\"Mugavus, mis hoolib maailmast | Zero Waste puuvillased mantlid Eestis\",\"publisher\":{\"@id\":\"https:\\\/\\\/yrp.ee\\\/#organization\"},\"potentialAction\":[{\"@type\":\"SearchAction\",\"target\":{\"@type\":\"EntryPoint\",\"urlTemplate\":\"https:\\\/\\\/yrp.ee\\\/?s={search_term_string}\"},\"query-input\":{\"@type\":\"PropertyValueSpecification\",\"valueRequired\":true,\"valueName\":\"search_term_string\"}}],\"inLanguage\":\"en-GB\"},{\"@type\":\"Organization\",\"@id\":\"https:\\\/\\\/yrp.ee\\\/#organization\",\"name\":\"\u00dcRP\",\"url\":\"https:\\\/\\\/yrp.ee\\\/\",\"logo\":{\"@type\":\"ImageObject\",\"inLanguage\":\"en-GB\",\"@id\":\"https:\\\/\\\/yrp.ee\\\/#\\\/schema\\\/logo\\\/image\\\/\",\"url\":\"https:\\\/\\\/yrp.ee\\\/wp-content\\\/uploads\\\/2021\\\/04\\\/Urp-must.svg\",\"contentUrl\":\"https:\\\/\\\/yrp.ee\\\/wp-content\\\/uploads\\\/2021\\\/04\\\/Urp-must.svg\",\"width\":1000,\"height\":521,\"caption\":\"\u00dcRP\"},\"image\":{\"@id\":\"https:\\\/\\\/yrp.ee\\\/#\\\/schema\\\/logo\\\/image\\\/\"},\"sameAs\":[\"https:\\\/\\\/www.facebook.com\\\/yrp.mantel\",\"https:\\\/\\\/www.instagram.com\\\/yrp.mantel\"]}]}<\/script>\n<!-- \/ Yoast SEO plugin. -->","yoast_head_json":{"title":"Kohev \u00dcRP Must &#8226; \u00dcRP &#8226; Mugavus, mis hoolib maailmast | Zero Waste puuvillased mantlid Eestis","description":"See kolmekordsest musliinist must \u00dcRP on k\u00f5ige m\u00f5nusam asi, mida selga t\u00f5mmata. \u2665 Zero waste, valmistatud Eestis, 100% puuvill.","robots":{"index":"index","follow":"follow","max-snippet":"max-snippet:-1","max-image-preview":"max-image-preview:large","max-video-preview":"max-video-preview:-1"},"canonical":"https:\/\/yrp.ee\/en\/product\/kohev-urp-must\/","og_locale":"en_GB","og_type":"article","og_title":"Kohev \u00dcRP Must &#8226; \u00dcRP &#8226; Mugavus, mis hoolib maailmast | Zero Waste puuvillased mantlid Eestis","og_description":"See kolmekordsest musliinist must \u00dcRP on k\u00f5ige m\u00f5nusam asi, mida selga t\u00f5mmata. \u2665 Zero waste, valmistatud Eestis, 100% puuvill.","og_url":"https:\/\/yrp.ee\/en\/product\/kohev-urp-must\/","og_site_name":"\u00dcRP","article_publisher":"https:\/\/www.facebook.com\/yrp.mantel","article_modified_time":"2026-04-28T15:44:47+00:00","og_image":[{"width":1500,"height":1500,"url":"https:\/\/yrp.ee\/wp-content\/uploads\/2021\/10\/Must-U\u0308RP-lipsuga-e1633783774637.png","type":"image\/png"}],"twitter_card":"summary_large_image","twitter_misc":{"Estimated reading time":"1 minute"},"schema":{"@context":"https:\/\/schema.org","@graph":[{"@type":"WebPage","@id":"https:\/\/yrp.ee\/toode\/kohev-urp-must\/","url":"https:\/\/yrp.ee\/toode\/kohev-urp-must\/","name":"Kohev \u00dcRP Must &#8226; \u00dcRP &#8226; Mugavus, mis hoolib maailmast | Zero Waste puuvillased mantlid Eestis","isPartOf":{"@id":"https:\/\/yrp.ee\/#website"},"primaryImageOfPage":{"@id":"https:\/\/yrp.ee\/toode\/kohev-urp-must\/#primaryimage"},"image":{"@id":"https:\/\/yrp.ee\/toode\/kohev-urp-must\/#primaryimage"},"thumbnailUrl":"https:\/\/i0.wp.com\/yrp.ee\/wp-content\/uploads\/2021\/10\/Must-U%CC%88RP-lipsuga-e1633783774637.png?fit=1500%2C1500&ssl=1","datePublished":"2022-06-07T22:00:34+00:00","dateModified":"2026-04-28T15:44:47+00:00","description":"See kolmekordsest musliinist must \u00dcRP on k\u00f5ige m\u00f5nusam asi, mida selga t\u00f5mmata. \u2665 Zero waste, valmistatud Eestis, 100% puuvill.","breadcrumb":{"@id":"https:\/\/yrp.ee\/toode\/kohev-urp-must\/#breadcrumb"},"inLanguage":"en-GB","potentialAction":[{"@type":"ReadAction","target":["https:\/\/yrp.ee\/toode\/kohev-urp-must\/"]}]},{"@type":"ImageObject","inLanguage":"en-GB","@id":"https:\/\/yrp.ee\/toode\/kohev-urp-must\/#primaryimage","url":"https:\/\/i0.wp.com\/yrp.ee\/wp-content\/uploads\/2021\/10\/Must-U%CC%88RP-lipsuga-e1633783774637.png?fit=1500%2C1500&ssl=1","contentUrl":"https:\/\/i0.wp.com\/yrp.ee\/wp-content\/uploads\/2021\/10\/Must-U%CC%88RP-lipsuga-e1633783774637.png?fit=1500%2C1500&ssl=1","width":1500,"height":1500,"caption":"Puuvillasest musliinist musta v\u00e4rvi kohev \u00dcRP"},{"@type":"BreadcrumbList","@id":"https:\/\/yrp.ee\/toode\/kohev-urp-must\/#breadcrumb","itemListElement":[{"@type":"ListItem","position":1,"name":"Home","item":"https:\/\/yrp.ee\/"},{"@type":"ListItem","position":2,"name":"Tooted","item":"https:\/\/yrp.ee\/shop\/"},{"@type":"ListItem","position":3,"name":"Kohev \u00dcRP Must"}]},{"@type":"WebSite","@id":"https:\/\/yrp.ee\/#website","url":"https:\/\/yrp.ee\/","name":"\u00dcRP","description":"Mugavus, mis hoolib maailmast | Zero Waste puuvillased mantlid Eestis","publisher":{"@id":"https:\/\/yrp.ee\/#organization"},"potentialAction":[{"@type":"SearchAction","target":{"@type":"EntryPoint","urlTemplate":"https:\/\/yrp.ee\/?s={search_term_string}"},"query-input":{"@type":"PropertyValueSpecification","valueRequired":true,"valueName":"search_term_string"}}],"inLanguage":"en-GB"},{"@type":"Organization","@id":"https:\/\/yrp.ee\/#organization","name":"\u00dcRP","url":"https:\/\/yrp.ee\/","logo":{"@type":"ImageObject","inLanguage":"en-GB","@id":"https:\/\/yrp.ee\/#\/schema\/logo\/image\/","url":"https:\/\/yrp.ee\/wp-content\/uploads\/2021\/04\/Urp-must.svg","contentUrl":"https:\/\/yrp.ee\/wp-content\/uploads\/2021\/04\/Urp-must.svg","width":1000,"height":521,"caption":"\u00dcRP"},"image":{"@id":"https:\/\/yrp.ee\/#\/schema\/logo\/image\/"},"sameAs":["https:\/\/www.facebook.com\/yrp.mantel","https:\/\/www.instagram.com\/yrp.mantel"]}]}},"jetpack_sharing_enabled":true,"_links":{"self":[{"href":"https:\/\/yrp.ee\/en\/wp-json\/wp\/v2\/product\/1628","targetHints":{"allow":["GET"]}}],"collection":[{"href":"https:\/\/yrp.ee\/en\/wp-json\/wp\/v2\/product"}],"about":[{"href":"https:\/\/yrp.ee\/en\/wp-json\/wp\/v2\/types\/product"}],"replies":[{"embeddable":true,"href":"https:\/\/yrp.ee\/en\/wp-json\/wp\/v2\/comments?post=1628"}],"version-history":[{"count":5,"href":"https:\/\/yrp.ee\/en\/wp-json\/wp\/v2\/product\/1628\/revisions"}],"predecessor-version":[{"id":2913,"href":"https:\/\/yrp.ee\/en\/wp-json\/wp\/v2\/product\/1628\/revisions\/2913"}],"wp:featuredmedia":[{"embeddable":true,"href":"https:\/\/yrp.ee\/en\/wp-json\/wp\/v2\/media\/1631"}],"wp:attachment":[{"href":"https:\/\/yrp.ee\/en\/wp-json\/wp\/v2\/media?parent=1628"}],"wp:term":[{"taxonomy":"product_brand","embeddable":true,"href":"https:\/\/yrp.ee\/en\/wp-json\/wp\/v2\/product_brand?post=1628"},{"taxonomy":"product_cat","embeddable":true,"href":"https:\/\/yrp.ee\/en\/wp-json\/wp\/v2\/product_cat?post=1628"},{"taxonomy":"product_tag","embeddable":true,"href":"https:\/\/yrp.ee\/en\/wp-json\/wp\/v2\/product_tag?post=1628"}],"curies":[{"name":"wp","href":"https:\/\/api.w.org\/{rel}","templated":true}]}}