{"id":1406,"date":"2021-09-10T10:59:09","date_gmt":"2021-09-10T07:59:09","guid":{"rendered":"https:\/\/www.xn--rp-wka.ee\/?post_type=product&#038;p=1406"},"modified":"2026-04-28T17:45:10","modified_gmt":"2026-04-28T15:45:10","slug":"kinkekaart","status":"publish","type":"product","link":"https:\/\/yrp.ee\/en\/product\/kinkekaart\/","title":{"rendered":"\u00dcRP Giftcard"},"content":{"rendered":"<p>Exactly!<\/p>\n<p class=\"translation-block\">If you want to be a good soul and gift one of the most enjoyable and softest <strong> \u00dcRP<\/strong> in the world, but aren\u2019t sure what size or color might fit\u2026 then get a <strong> \u00dcRP gift card! <\/strong><\/p>\n<p>&nbsp;<\/p>\n<p>For this, the gift recipient can choose which \u00dcRP is the most beautiful!<\/p>\n<p>Saadame kinkekaardi sulle postiga, ilusas \u00fcmbrikus.<\/p>\n<p>Aga kui sul on KIIRE, siis kirjuta m\u00e4rkuste lahtrisse ja saadan Sulle meilile virtuaalse kinkekaardi&#8230;<\/p>\n<p>&nbsp;<\/p>\n<p>Kinkekaart kehtib 6 kuud!<\/p>","protected":false},"excerpt":{"rendered":"<p>Just-just! Kui soovid olla hea hing ja kinkida \u00fcks maailma m\u00f5nusaim ja pehmeim \u00dcRP, aga ei ole kindel, milline suurus v\u00f5i v\u00e4rv v\u00f5iks sobida&#8230; siis v\u00f5ta \u00dcRP kinkekaart! &nbsp; Selle eest saab kingisaaja ise valida, milline \u00dcRP k\u00f5ige ilusam on! Saadame kinkekaardi sulle postiga, ilusas \u00fcmbrikus. Aga kui sul on KIIRE, siis kirjuta m\u00e4rkuste lahtrisse [&hellip;]<\/p>\n","protected":false},"featured_media":4184,"comment_status":"closed","ping_status":"closed","template":"","meta":{"site-sidebar-layout":"default","site-content-layout":"default","ast-site-content-layout":"default","site-content-style":"default","site-sidebar-style":"default","ast-global-header-display":"","ast-banner-title-visibility":"","ast-main-header-display":"","ast-hfb-above-header-display":"","ast-hfb-below-header-display":"","ast-hfb-mobile-header-display":"","site-post-title":"","ast-breadcrumbs-content":"","ast-featured-img":"","footer-sml-layout":"","ast-disable-related-posts":"","theme-transparent-header-meta":"default","adv-header-id-meta":"","stick-header-meta":"","header-above-stick-meta":"","header-main-stick-meta":"","header-below-stick-meta":"","astra-migrate-meta-layouts":"set","ast-page-background-enabled":"default","ast-page-background-meta":{"desktop":{"background-color":"","background-image":"","background-repeat":"repeat","background-position":"center center","background-size":"auto","background-attachment":"scroll","background-type":"","background-media":"","overlay-type":"","overlay-color":"","overlay-opacity":"","overlay-gradient":""},"tablet":{"background-color":"","background-image":"","background-repeat":"repeat","background-position":"center center","background-size":"auto","background-attachment":"scroll","background-type":"","background-media":"","overlay-type":"","overlay-color":"","overlay-opacity":"","overlay-gradient":""},"mobile":{"background-color":"","background-image":"","background-repeat":"repeat","background-position":"center center","background-size":"auto","background-attachment":"scroll","background-type":"","background-media":"","overlay-type":"","overlay-color":"","overlay-opacity":"","overlay-gradient":""}},"ast-content-background-meta":{"desktop":{"background-color":"var(--ast-global-color-5)","background-image":"","background-repeat":"repeat","background-position":"center center","background-size":"auto","background-attachment":"scroll","background-type":"","background-media":"","overlay-type":"","overlay-color":"","overlay-opacity":"","overlay-gradient":""},"tablet":{"background-color":"var(--ast-global-color-5)","background-image":"","background-repeat":"repeat","background-position":"center center","background-size":"auto","background-attachment":"scroll","background-type":"","background-media":"","overlay-type":"","overlay-color":"","overlay-opacity":"","overlay-gradient":""},"mobile":{"background-color":"var(--ast-global-color-5)","background-image":"","background-repeat":"repeat","background-position":"center center","background-size":"auto","background-attachment":"scroll","background-type":"","background-media":"","overlay-type":"","overlay-color":"","overlay-opacity":"","overlay-gradient":""}}},"product_brand":[],"product_cat":[100],"product_tag":[],"class_list":{"0":"post-1406","1":"product","2":"type-product","3":"status-publish","4":"has-post-thumbnail","6":"product_cat-yrp-kinkekaart","7":"desktop-align-left","8":"tablet-align-left","9":"mobile-align-left","11":"first","12":"instock","13":"taxable","14":"shipping-taxable","15":"purchasable","16":"product-type-variable"},"yoast_head":"<!-- This site is optimized with the Yoast SEO plugin v27.5 - https:\/\/yoast.com\/product\/yoast-seo-wordpress\/ -->\n<title>\u00dcRP Kinkekaart &#8226; \u00dcRP<\/title>\n<meta name=\"description\" content=\"\u00dcRP kinkekaart, et kingisaaja saaks ise valida, milline m\u00f5nus \u00dcRP talle k\u00f5ige rohkem meeldib! Saadaval kolmes v\u00e4\u00e4rtuses!\" \/>\n<meta name=\"robots\" content=\"index, follow, max-snippet:-1, max-image-preview:large, max-video-preview:-1\" \/>\n<link rel=\"canonical\" href=\"https:\/\/yrp.ee\/en\/product\/kinkekaart\/\" \/>\n<meta property=\"og:locale\" content=\"en_GB\" \/>\n<meta property=\"og:type\" content=\"article\" \/>\n<meta property=\"og:title\" content=\"\u00dcRP Kinkekaart &#8226; \u00dcRP\" \/>\n<meta property=\"og:description\" content=\"\u00dcRP kinkekaart, et kingisaaja saaks ise valida, milline m\u00f5nus \u00dcRP talle k\u00f5ige rohkem meeldib! Saadaval kolmes v\u00e4\u00e4rtuses!\" \/>\n<meta property=\"og:url\" content=\"https:\/\/yrp.ee\/en\/product\/kinkekaart\/\" \/>\n<meta property=\"og:site_name\" content=\"\u00dcRP\" \/>\n<meta property=\"article:publisher\" content=\"https:\/\/www.facebook.com\/yrp.mantel\" \/>\n<meta property=\"article:modified_time\" content=\"2026-04-28T15:45:10+00:00\" \/>\n<meta property=\"og:image\" content=\"https:\/\/yrp.ee\/wp-content\/uploads\/2021\/09\/URP-KINKEKAART.png\" \/>\n\t<meta property=\"og:image:width\" content=\"1500\" \/>\n\t<meta property=\"og:image:height\" content=\"1500\" \/>\n\t<meta property=\"og:image:type\" content=\"image\/png\" \/>\n<meta name=\"twitter:card\" content=\"summary_large_image\" \/>\n<meta name=\"twitter:label1\" content=\"Estimated reading time\" \/>\n\t<meta name=\"twitter:data1\" content=\"1 minute\" \/>\n<script type=\"application\/ld+json\" class=\"yoast-schema-graph\">{\"@context\":\"https:\\\/\\\/schema.org\",\"@graph\":[{\"@type\":\"WebPage\",\"@id\":\"https:\\\/\\\/yrp.ee\\\/toode\\\/kinkekaart\\\/\",\"url\":\"https:\\\/\\\/yrp.ee\\\/toode\\\/kinkekaart\\\/\",\"name\":\"\u00dcRP Kinkekaart &#8226; \u00dcRP\",\"isPartOf\":{\"@id\":\"https:\\\/\\\/yrp.ee\\\/#website\"},\"primaryImageOfPage\":{\"@id\":\"https:\\\/\\\/yrp.ee\\\/toode\\\/kinkekaart\\\/#primaryimage\"},\"image\":{\"@id\":\"https:\\\/\\\/yrp.ee\\\/toode\\\/kinkekaart\\\/#primaryimage\"},\"thumbnailUrl\":\"https:\\\/\\\/i0.wp.com\\\/yrp.ee\\\/wp-content\\\/uploads\\\/2021\\\/09\\\/URP-KINKEKAART.png?fit=1500%2C1500&ssl=1\",\"datePublished\":\"2021-09-10T07:59:09+00:00\",\"dateModified\":\"2026-04-28T15:45:10+00:00\",\"description\":\"\u00dcRP kinkekaart, et kingisaaja saaks ise valida, milline m\u00f5nus \u00dcRP talle k\u00f5ige rohkem meeldib! Saadaval kolmes v\u00e4\u00e4rtuses!\",\"breadcrumb\":{\"@id\":\"https:\\\/\\\/yrp.ee\\\/toode\\\/kinkekaart\\\/#breadcrumb\"},\"inLanguage\":\"en-GB\",\"potentialAction\":[{\"@type\":\"ReadAction\",\"target\":[\"https:\\\/\\\/yrp.ee\\\/toode\\\/kinkekaart\\\/\"]}]},{\"@type\":\"ImageObject\",\"inLanguage\":\"en-GB\",\"@id\":\"https:\\\/\\\/yrp.ee\\\/toode\\\/kinkekaart\\\/#primaryimage\",\"url\":\"https:\\\/\\\/i0.wp.com\\\/yrp.ee\\\/wp-content\\\/uploads\\\/2021\\\/09\\\/URP-KINKEKAART.png?fit=1500%2C1500&ssl=1\",\"contentUrl\":\"https:\\\/\\\/i0.wp.com\\\/yrp.ee\\\/wp-content\\\/uploads\\\/2021\\\/09\\\/URP-KINKEKAART.png?fit=1500%2C1500&ssl=1\",\"width\":1500,\"height\":1500},{\"@type\":\"BreadcrumbList\",\"@id\":\"https:\\\/\\\/yrp.ee\\\/toode\\\/kinkekaart\\\/#breadcrumb\",\"itemListElement\":[{\"@type\":\"ListItem\",\"position\":1,\"name\":\"Home\",\"item\":\"https:\\\/\\\/yrp.ee\\\/\"},{\"@type\":\"ListItem\",\"position\":2,\"name\":\"Tooted\",\"item\":\"https:\\\/\\\/yrp.ee\\\/shop\\\/\"},{\"@type\":\"ListItem\",\"position\":3,\"name\":\"\u00dcRP Kinkekaart\"}]},{\"@type\":\"WebSite\",\"@id\":\"https:\\\/\\\/yrp.ee\\\/#website\",\"url\":\"https:\\\/\\\/yrp.ee\\\/\",\"name\":\"\u00dcRP\",\"description\":\"Mugavus, mis hoolib maailmast | Zero Waste puuvillased mantlid Eestis\",\"publisher\":{\"@id\":\"https:\\\/\\\/yrp.ee\\\/#organization\"},\"potentialAction\":[{\"@type\":\"SearchAction\",\"target\":{\"@type\":\"EntryPoint\",\"urlTemplate\":\"https:\\\/\\\/yrp.ee\\\/?s={search_term_string}\"},\"query-input\":{\"@type\":\"PropertyValueSpecification\",\"valueRequired\":true,\"valueName\":\"search_term_string\"}}],\"inLanguage\":\"en-GB\"},{\"@type\":\"Organization\",\"@id\":\"https:\\\/\\\/yrp.ee\\\/#organization\",\"name\":\"\u00dcRP\",\"url\":\"https:\\\/\\\/yrp.ee\\\/\",\"logo\":{\"@type\":\"ImageObject\",\"inLanguage\":\"en-GB\",\"@id\":\"https:\\\/\\\/yrp.ee\\\/#\\\/schema\\\/logo\\\/image\\\/\",\"url\":\"https:\\\/\\\/yrp.ee\\\/wp-content\\\/uploads\\\/2021\\\/04\\\/Urp-must.svg\",\"contentUrl\":\"https:\\\/\\\/yrp.ee\\\/wp-content\\\/uploads\\\/2021\\\/04\\\/Urp-must.svg\",\"width\":1000,\"height\":521,\"caption\":\"\u00dcRP\"},\"image\":{\"@id\":\"https:\\\/\\\/yrp.ee\\\/#\\\/schema\\\/logo\\\/image\\\/\"},\"sameAs\":[\"https:\\\/\\\/www.facebook.com\\\/yrp.mantel\",\"https:\\\/\\\/www.instagram.com\\\/yrp.mantel\"]}]}<\/script>\n<!-- \/ Yoast SEO plugin. -->","yoast_head_json":{"title":"\u00dcRP Kinkekaart &#8226; \u00dcRP","description":"\u00dcRP kinkekaart, et kingisaaja saaks ise valida, milline m\u00f5nus \u00dcRP talle k\u00f5ige rohkem meeldib! Saadaval kolmes v\u00e4\u00e4rtuses!","robots":{"index":"index","follow":"follow","max-snippet":"max-snippet:-1","max-image-preview":"max-image-preview:large","max-video-preview":"max-video-preview:-1"},"canonical":"https:\/\/yrp.ee\/en\/product\/kinkekaart\/","og_locale":"en_GB","og_type":"article","og_title":"\u00dcRP Kinkekaart &#8226; \u00dcRP","og_description":"\u00dcRP kinkekaart, et kingisaaja saaks ise valida, milline m\u00f5nus \u00dcRP talle k\u00f5ige rohkem meeldib! Saadaval kolmes v\u00e4\u00e4rtuses!","og_url":"https:\/\/yrp.ee\/en\/product\/kinkekaart\/","og_site_name":"\u00dcRP","article_publisher":"https:\/\/www.facebook.com\/yrp.mantel","article_modified_time":"2026-04-28T15:45:10+00:00","og_image":[{"width":1500,"height":1500,"url":"https:\/\/yrp.ee\/wp-content\/uploads\/2021\/09\/URP-KINKEKAART.png","type":"image\/png"}],"twitter_card":"summary_large_image","twitter_misc":{"Estimated reading time":"1 minute"},"schema":{"@context":"https:\/\/schema.org","@graph":[{"@type":"WebPage","@id":"https:\/\/yrp.ee\/toode\/kinkekaart\/","url":"https:\/\/yrp.ee\/toode\/kinkekaart\/","name":"\u00dcRP Kinkekaart &#8226; \u00dcRP","isPartOf":{"@id":"https:\/\/yrp.ee\/#website"},"primaryImageOfPage":{"@id":"https:\/\/yrp.ee\/toode\/kinkekaart\/#primaryimage"},"image":{"@id":"https:\/\/yrp.ee\/toode\/kinkekaart\/#primaryimage"},"thumbnailUrl":"https:\/\/i0.wp.com\/yrp.ee\/wp-content\/uploads\/2021\/09\/URP-KINKEKAART.png?fit=1500%2C1500&ssl=1","datePublished":"2021-09-10T07:59:09+00:00","dateModified":"2026-04-28T15:45:10+00:00","description":"\u00dcRP kinkekaart, et kingisaaja saaks ise valida, milline m\u00f5nus \u00dcRP talle k\u00f5ige rohkem meeldib! Saadaval kolmes v\u00e4\u00e4rtuses!","breadcrumb":{"@id":"https:\/\/yrp.ee\/toode\/kinkekaart\/#breadcrumb"},"inLanguage":"en-GB","potentialAction":[{"@type":"ReadAction","target":["https:\/\/yrp.ee\/toode\/kinkekaart\/"]}]},{"@type":"ImageObject","inLanguage":"en-GB","@id":"https:\/\/yrp.ee\/toode\/kinkekaart\/#primaryimage","url":"https:\/\/i0.wp.com\/yrp.ee\/wp-content\/uploads\/2021\/09\/URP-KINKEKAART.png?fit=1500%2C1500&ssl=1","contentUrl":"https:\/\/i0.wp.com\/yrp.ee\/wp-content\/uploads\/2021\/09\/URP-KINKEKAART.png?fit=1500%2C1500&ssl=1","width":1500,"height":1500},{"@type":"BreadcrumbList","@id":"https:\/\/yrp.ee\/toode\/kinkekaart\/#breadcrumb","itemListElement":[{"@type":"ListItem","position":1,"name":"Home","item":"https:\/\/yrp.ee\/"},{"@type":"ListItem","position":2,"name":"Tooted","item":"https:\/\/yrp.ee\/shop\/"},{"@type":"ListItem","position":3,"name":"\u00dcRP Kinkekaart"}]},{"@type":"WebSite","@id":"https:\/\/yrp.ee\/#website","url":"https:\/\/yrp.ee\/","name":"\u00dcRP","description":"Mugavus, mis hoolib maailmast | Zero Waste puuvillased mantlid Eestis","publisher":{"@id":"https:\/\/yrp.ee\/#organization"},"potentialAction":[{"@type":"SearchAction","target":{"@type":"EntryPoint","urlTemplate":"https:\/\/yrp.ee\/?s={search_term_string}"},"query-input":{"@type":"PropertyValueSpecification","valueRequired":true,"valueName":"search_term_string"}}],"inLanguage":"en-GB"},{"@type":"Organization","@id":"https:\/\/yrp.ee\/#organization","name":"\u00dcRP","url":"https:\/\/yrp.ee\/","logo":{"@type":"ImageObject","inLanguage":"en-GB","@id":"https:\/\/yrp.ee\/#\/schema\/logo\/image\/","url":"https:\/\/yrp.ee\/wp-content\/uploads\/2021\/04\/Urp-must.svg","contentUrl":"https:\/\/yrp.ee\/wp-content\/uploads\/2021\/04\/Urp-must.svg","width":1000,"height":521,"caption":"\u00dcRP"},"image":{"@id":"https:\/\/yrp.ee\/#\/schema\/logo\/image\/"},"sameAs":["https:\/\/www.facebook.com\/yrp.mantel","https:\/\/www.instagram.com\/yrp.mantel"]}]}},"jetpack_sharing_enabled":true,"_links":{"self":[{"href":"https:\/\/yrp.ee\/en\/wp-json\/wp\/v2\/product\/1406","targetHints":{"allow":["GET"]}}],"collection":[{"href":"https:\/\/yrp.ee\/en\/wp-json\/wp\/v2\/product"}],"about":[{"href":"https:\/\/yrp.ee\/en\/wp-json\/wp\/v2\/types\/product"}],"replies":[{"embeddable":true,"href":"https:\/\/yrp.ee\/en\/wp-json\/wp\/v2\/comments?post=1406"}],"version-history":[{"count":5,"href":"https:\/\/yrp.ee\/en\/wp-json\/wp\/v2\/product\/1406\/revisions"}],"predecessor-version":[{"id":4185,"href":"https:\/\/yrp.ee\/en\/wp-json\/wp\/v2\/product\/1406\/revisions\/4185"}],"wp:featuredmedia":[{"embeddable":true,"href":"https:\/\/yrp.ee\/en\/wp-json\/wp\/v2\/media\/4184"}],"wp:attachment":[{"href":"https:\/\/yrp.ee\/en\/wp-json\/wp\/v2\/media?parent=1406"}],"wp:term":[{"taxonomy":"product_brand","embeddable":true,"href":"https:\/\/yrp.ee\/en\/wp-json\/wp\/v2\/product_brand?post=1406"},{"taxonomy":"product_cat","embeddable":true,"href":"https:\/\/yrp.ee\/en\/wp-json\/wp\/v2\/product_cat?post=1406"},{"taxonomy":"product_tag","embeddable":true,"href":"https:\/\/yrp.ee\/en\/wp-json\/wp\/v2\/product_tag?post=1406"}],"curies":[{"name":"wp","href":"https:\/\/api.w.org\/{rel}","templated":true}]}}